{"id":2,"date":"2021-08-04T17:43:35","date_gmt":"2021-08-04T17:43:35","guid":{"rendered":"https:\/\/cnty.hcmuaf.edu.vn\/ban-lien-lac\/?page_id=2"},"modified":"2021-08-05T01:38:43","modified_gmt":"2021-08-04T18:38:43","slug":"trang-mau","status":"publish","type":"page","link":"https:\/\/cnty.hcmuaf.edu.vn\/ban-lien-lac\/","title":{"rendered":"Trang ch\u1ee7"},"content":{"rendered":"\t\t<div data-elementor-type=\"wp-page\" data-elementor-id=\"2\" class=\"elementor elementor-2\" data-elementor-settings=\"[]\">\n\t\t\t\t\t\t\t<div class=\"elementor-section-wrap\">\n\t\t\t\t\t\t\t<section class=\"elementor-section elementor-top-section elementor-element elementor-element-cbd549a elementor-section-boxed elementor-section-height-default elementor-section-height-default\" data-id=\"cbd549a\" data-element_type=\"section\">\n\t\t\t\t\t\t<div class=\"elementor-container elementor-column-gap-default\">\n\t\t\t\t\t<div class=\"elementor-column elementor-col-100 elementor-top-column elementor-element elementor-element-13fcc66\" data-id=\"13fcc66\" data-element_type=\"column\">\n\t\t\t<div class=\"elementor-widget-wrap elementor-element-populated\">\n\t\t\t\t\t\t\t\t<div class=\"elementor-element elementor-element-4c40f6a elementor-widget elementor-widget-heading\" data-id=\"4c40f6a\" data-element_type=\"widget\" data-widget_type=\"heading.default\">\n\t\t\t\t<div class=\"elementor-widget-container\">\n\t\t\t<h2 class=\"elementor-heading-title elementor-size-default\">Gi\u1edbi thi\u1ec7u<\/h2>\t\t<\/div>\n\t\t\t\t<\/div>\n\t\t\t\t\t<\/div>\n\t\t<\/div>\n\t\t\t\t\t\t\t<\/div>\n\t\t<\/section>\n\t\t\t\t<section class=\"elementor-section elementor-top-section elementor-element elementor-element-25cdd80 elementor-section-boxed elementor-section-height-default elementor-section-height-default\" data-id=\"25cdd80\" data-element_type=\"section\">\n\t\t\t\t\t\t<div class=\"elementor-container elementor-column-gap-default\">\n\t\t\t\t\t<div class=\"elementor-column elementor-col-50 elementor-top-column elementor-element elementor-element-884e0a8\" data-id=\"884e0a8\" data-element_type=\"column\">\n\t\t\t<div class=\"elementor-widget-wrap elementor-element-populated\">\n\t\t\t\t\t\t\t\t<div class=\"elementor-element elementor-element-f197f58 elementor-widget elementor-widget-image\" data-id=\"f197f58\" data-element_type=\"widget\" data-widget_type=\"image.default\">\n\t\t\t\t<div class=\"elementor-widget-container\">\n\t\t\t\t\t\t\t\t\t\t\t\t\t\t\t<img width=\"960\" height=\"540\" src=\"https:\/\/cnty.hcmuaf.edu.vn\/app\/uploads\/sites\/4\/2021\/08\/559637_10204392397868693_3349100663191314094_n.jpg\" class=\"attachment-large size-large\" alt=\"559637 10204392397868693 3349100663191314094 n\" loading=\"lazy\" srcset=\"https:\/\/cnty.hcmuaf.edu.vn\/app\/uploads\/sites\/4\/2021\/08\/559637_10204392397868693_3349100663191314094_n.jpg 960w, https:\/\/cnty.hcmuaf.edu.vn\/app\/uploads\/sites\/4\/2021\/08\/559637_10204392397868693_3349100663191314094_n-300x169.jpg 300w, https:\/\/cnty.hcmuaf.edu.vn\/app\/uploads\/sites\/4\/2021\/08\/559637_10204392397868693_3349100663191314094_n-768x432.jpg 768w, https:\/\/cnty.hcmuaf.edu.vn\/app\/uploads\/sites\/4\/2021\/08\/559637_10204392397868693_3349100663191314094_n-750x422.jpg 750w\" sizes=\"(max-width: 960px) 100vw, 960px\" \/>\t\t\t\t\t\t\t\t\t\t\t\t\t\t\t<\/div>\n\t\t\t\t<\/div>\n\t\t\t\t\t<\/div>\n\t\t<\/div>\n\t\t\t\t<div class=\"elementor-column elementor-col-50 elementor-top-column elementor-element elementor-element-b9e5862\" data-id=\"b9e5862\" data-element_type=\"column\">\n\t\t\t<div class=\"elementor-widget-wrap elementor-element-populated\">\n\t\t\t\t\t\t\t\t<div class=\"elementor-element elementor-element-1432aaa elementor-widget elementor-widget-text-editor\" data-id=\"1432aaa\" data-element_type=\"widget\" data-widget_type=\"text-editor.default\">\n\t\t\t\t<div class=\"elementor-widget-container\">\n\t\t\t\t\t\t\t\t<p>Ban Li\u00ean l\u1ea1c c\u1ef1u Sinh vi\u00ean Khoa Ch\u0103n nu\u00f4i Th\u00fa y \u0111\u01b0\u1ee3c th\u00e0nh l\u1eadp th\u00e1ng 11 n\u0103m 2014 nh\u1eb1m t\u1ea1o s\u1ef1 \u0111o\u00e0n k\u1ebft, t\u01b0\u01a1ng tr\u1ee3, giao l\u01b0u gi\u1eefa c\u1ef1u Sinh vi\u00ean v\u1edbi nhau c\u0169ng nh\u01b0 v\u1edbi SV \u0111ang h\u1ecdc, v\u00e0 tham gia h\u1ed7 tr\u1ee3 ph\u00e1t tri\u1ec3n khoa CNTY, tr\u01b0\u1eddng \u0110\u1ea1i h\u1ecdc N\u00f4ng L\u00e2m TP H\u1ed3 Ch\u00ed Minh (tr\u01b0\u1edbc \u0111\u00e2y l\u00e0 tr\u01b0\u1eddng \u0110H N\u00f4ng nghi\u1ec7p IV, tr\u01b0\u1eddng \u0110H N\u00f4ng nghi\u1ec7p S\u00e0i G\u00f2n, tr\u01b0\u1eddng Qu\u1ed1c gia N\u00f4ng L\u00e2m M\u1ee5c Blao (1955-1975)).<\/p>\t\t\t\t\t\t<\/div>\n\t\t\t\t<\/div>\n\t\t\t\t\t<\/div>\n\t\t<\/div>\n\t\t\t\t\t\t\t<\/div>\n\t\t<\/section>\n\t\t\t\t<section class=\"elementor-section elementor-top-section elementor-element elementor-element-c2bdf88 elementor-section-boxed elementor-section-height-default elementor-section-height-default\" data-id=\"c2bdf88\" data-element_type=\"section\">\n\t\t\t\t\t\t<div class=\"elementor-container elementor-column-gap-default\">\n\t\t\t\t\t<div class=\"elementor-column elementor-col-100 elementor-top-column elementor-element elementor-element-97ad231\" data-id=\"97ad231\" data-element_type=\"column\">\n\t\t\t<div class=\"elementor-widget-wrap elementor-element-populated\">\n\t\t\t\t\t\t\t\t<div class=\"elementor-element elementor-element-ac1faff elementor-widget elementor-widget-jnews_block_11_elementor\" data-id=\"ac1faff\" data-element_type=\"widget\" data-widget_type=\"jnews_block_11_elementor.default\">\n\t\t\t\t<div class=\"elementor-widget-container\">\n\t\t\t<div  class=\"jeg_postblock_11 jeg_postblock jeg_module_hook jeg_pagination_disable jeg_col_3o3 jnews_module__0_69e9508368e68   \" data-unique=\"jnews_module__0_69e9508368e68\">\n\t\t\t\t\t<div class=\"jeg_block_heading jeg_block_heading_6 jeg_subcat_right\">\n                     <h3 class=\"jeg_block_title\"><span>Tin m\u1edbi<\/span><\/h3>\n                     \n                 <\/div>\n\t\t\t\t\t<div class=\"jeg_block_container\">\n                    \n                    <div class=\"jeg_posts_wrap\"><div class=\"jeg_posts jeg_load_more_flag\"><article class=\"jeg_post jeg_pl_md_card format-standard\">\n                    <div class=\"jeg_inner_post\">\n                        <div class=\"jeg_thumb\">\n                            \n                            <a href=\"https:\/\/cnty.hcmuaf.edu.vn\/ban-lien-lac\/ban-lien-lac-cuu-sinh-vien\/hop-mat-ban-lien-lac-cuu-sinh-vien-nam-11-2018.html\"><div class=\"thumbnail-container animate-lazy  size-715 \"><img width=\"350\" height=\"250\" src=\"data:image\/gif;base64,R0lGODlhAQABAIAAAP\/\/\/wAAACH5BAEAAAAALAAAAAABAAEAAAICRAEAOw==\" class=\"lazyload wp-post-image\" alt=\"dav\" loading=\"lazy\" data-src=\"https:\/\/cnty.hcmuaf.edu.vn\/app\/uploads\/sites\/4\/2019\/02\/IMG_20181104_130320-350x250.jpg\" data-sizes=\"auto\" data-expand=\"700\" \/><\/div><\/a>\n                        <\/div>\n                        <div class=\"jeg_postblock_content\">\n                            <div class=\"jeg_post_category\">\n                                <span>\n                                    <a href=\"https:\/\/cnty.hcmuaf.edu.vn\/ban-lien-lac\/ban-lien-lac-cuu-sinh-vien\">Ban Li\u00ean l\u1ea1c c\u1ef1u sinh vi\u00ean<\/a>\n                                <\/span>\n                            <\/div>\n                            <h3 class=\"jeg_post_title\">\n                                <a href=\"https:\/\/cnty.hcmuaf.edu.vn\/ban-lien-lac\/ban-lien-lac-cuu-sinh-vien\/hop-mat-ban-lien-lac-cuu-sinh-vien-nam-11-2018.html\">H\u1eccP M\u1eb6T BAN LI\u00caN L\u1ea0C C\u1ef0U SINH VI\u00caN N\u0102M 11\/2018<\/a>\n                            <\/h3>\n                            <div class=\"jeg_post_meta\"><div class=\"jeg_meta_date\"><a href=\"https:\/\/cnty.hcmuaf.edu.vn\/ban-lien-lac\/ban-lien-lac-cuu-sinh-vien\/hop-mat-ban-lien-lac-cuu-sinh-vien-nam-11-2018.html\"><i class=\"fa fa-clock-o\"><\/i> 11\/11\/2018<\/a><\/div><\/div>\n                        <\/div>\n                    <\/div>\n                <\/article><article class=\"jeg_post jeg_pl_md_card format-standard\">\n                    <div class=\"jeg_inner_post\">\n                        <div class=\"jeg_thumb\">\n                            \n                            <a href=\"https:\/\/cnty.hcmuaf.edu.vn\/ban-lien-lac\/ban-lien-lac-cuu-sinh-vien\/dieu-le-ban-lien-lac-cuu-sinh-vien-khoa-chan-nuoi-thu-y.html\"><div class=\"thumbnail-container animate-lazy  size-715 \"><img width=\"350\" height=\"250\" src=\"data:image\/gif;base64,R0lGODlhAQABAIAAAP\/\/\/wAAACH5BAEAAAAALAAAAAABAAEAAAICRAEAOw==\" class=\"lazyload\" alt=\"vet default feature image\" loading=\"lazy\" data-src=\"https:\/\/cnty.hcmuaf.edu.vn\/app\/uploads\/sites\/4\/2021\/08\/vet-default-feature-image-350x250.jpg\" data-sizes=\"auto\" data-expand=\"700\" \/><\/div><\/a>\n                        <\/div>\n                        <div class=\"jeg_postblock_content\">\n                            <div class=\"jeg_post_category\">\n                                <span>\n                                    <a href=\"https:\/\/cnty.hcmuaf.edu.vn\/ban-lien-lac\/ban-lien-lac-cuu-sinh-vien\">Ban Li\u00ean l\u1ea1c c\u1ef1u sinh vi\u00ean<\/a>\n                                <\/span>\n                            <\/div>\n                            <h3 class=\"jeg_post_title\">\n                                <a href=\"https:\/\/cnty.hcmuaf.edu.vn\/ban-lien-lac\/ban-lien-lac-cuu-sinh-vien\/dieu-le-ban-lien-lac-cuu-sinh-vien-khoa-chan-nuoi-thu-y.html\">\u0110I\u1ec0U L\u1ec6 BAN LI\u00caN L\u1ea0C C\u1ef0U SINH VI\u00caN KHOA CH\u0102N NU\u00d4I TH\u00da Y<\/a>\n                            <\/h3>\n                            <div class=\"jeg_post_meta\"><div class=\"jeg_meta_date\"><a href=\"https:\/\/cnty.hcmuaf.edu.vn\/ban-lien-lac\/ban-lien-lac-cuu-sinh-vien\/dieu-le-ban-lien-lac-cuu-sinh-vien-khoa-chan-nuoi-thu-y.html\"><i class=\"fa fa-clock-o\"><\/i> 26\/11\/2014<\/a><\/div><\/div>\n                        <\/div>\n                    <\/div>\n                <\/article><\/div><\/div>\n                    <div class='module-overlay'>\n\t\t\t\t    <div class='preloader_type preloader_square'>\n\t\t\t\t        <div class=\"module-preloader jeg_preloader dot\">\n\t\t\t\t            <span><\/span><span><\/span><span><\/span>\n\t\t\t\t        <\/div>\n\t\t\t\t        <div class=\"module-preloader jeg_preloader circle\">\n\t\t\t\t            <div class=\"jnews_preloader_circle_outer\">\n\t\t\t\t                <div class=\"jnews_preloader_circle_inner\"><\/div>\n\t\t\t\t            <\/div>\n\t\t\t\t        <\/div>\n\t\t\t\t        <div class=\"module-preloader jeg_preloader square\">\n\t\t\t\t            <div class=\"jeg_square\">\n\t\t\t\t                <div class=\"jeg_square_inner\"><\/div>\n\t\t\t\t            <\/div>\n\t\t\t\t        <\/div>\n\t\t\t\t    <\/div>\n\t\t\t\t<\/div>\n                <\/div>\n                <div class=\"jeg_block_navigation\">\n                    <div class='navigation_overlay'><div class='module-preloader jeg_preloader'><span><\/span><span><\/span><span><\/span><\/div><\/div>\n                    \n                    \n                <\/div>\n\t\t\t\t\t\n\t\t\t\t\t<script>var jnews_module__0_69e9508368e68 = {\"header_icon\":\"\",\"first_title\":\"Tin m\\u1edbi\",\"second_title\":\"\",\"url\":\"\",\"header_type\":\"heading_6\",\"header_background\":\"\",\"header_secondary_background\":\"\",\"header_text_color\":\"\",\"header_line_color\":\"\",\"header_accent_color\":\"\",\"header_filter_category\":\"\",\"header_filter_author\":\"\",\"header_filter_tag\":\"\",\"header_filter_text\":\"All\",\"post_type\":\"post\",\"content_type\":\"all\",\"number_post\":6,\"post_offset\":0,\"unique_content\":\"disable\",\"include_post\":\"\",\"exclude_post\":\"\",\"include_category\":\"\",\"exclude_category\":\"\",\"include_author\":\"\",\"include_tag\":\"\",\"exclude_tag\":\"\",\"sort_by\":\"latest\",\"date_format\":\"default\",\"date_format_custom\":\"Y\\\/m\\\/d\",\"force_normal_image_load\":\"\",\"pagination_mode\":\"disable\",\"pagination_nextprev_showtext\":\"\",\"pagination_number_post\":{\"unit\":\"px\",\"size\":4,\"sizes\":[]},\"pagination_scroll_limit\":0,\"el_id\":\"\",\"el_class\":\"\",\"scheme\":\"\",\"column_width\":\"auto\",\"title_color\":\"\",\"accent_color\":\"\",\"alt_color\":\"\",\"excerpt_color\":\"\",\"block_background\":\"\",\"css\":\"\",\"title_typography_typography\":\"\",\"title_typography_font_family\":\"\",\"title_typography_font_size\":{\"unit\":\"px\",\"size\":\"\",\"sizes\":[]},\"title_typography_font_size_tablet\":{\"unit\":\"px\",\"size\":\"\",\"sizes\":[]},\"title_typography_font_size_mobile\":{\"unit\":\"px\",\"size\":\"\",\"sizes\":[]},\"title_typography_font_weight\":\"\",\"title_typography_text_transform\":\"\",\"title_typography_font_style\":\"\",\"title_typography_text_decoration\":\"\",\"title_typography_line_height\":{\"unit\":\"em\",\"size\":\"\",\"sizes\":[]},\"title_typography_line_height_tablet\":{\"unit\":\"em\",\"size\":\"\",\"sizes\":[]},\"title_typography_line_height_mobile\":{\"unit\":\"em\",\"size\":\"\",\"sizes\":[]},\"title_typography_letter_spacing\":{\"unit\":\"px\",\"size\":\"\",\"sizes\":[]},\"title_typography_letter_spacing_tablet\":{\"unit\":\"px\",\"size\":\"\",\"sizes\":[]},\"title_typography_letter_spacing_mobile\":{\"unit\":\"px\",\"size\":\"\",\"sizes\":[]},\"meta_typography_typography\":\"\",\"meta_typography_font_family\":\"\",\"meta_typography_font_size\":{\"unit\":\"px\",\"size\":\"\",\"sizes\":[]},\"meta_typography_font_size_tablet\":{\"unit\":\"px\",\"size\":\"\",\"sizes\":[]},\"meta_typography_font_size_mobile\":{\"unit\":\"px\",\"size\":\"\",\"sizes\":[]},\"meta_typography_font_weight\":\"\",\"meta_typography_text_transform\":\"\",\"meta_typography_font_style\":\"\",\"meta_typography_text_decoration\":\"\",\"meta_typography_line_height\":{\"unit\":\"em\",\"size\":\"\",\"sizes\":[]},\"meta_typography_line_height_tablet\":{\"unit\":\"em\",\"size\":\"\",\"sizes\":[]},\"meta_typography_line_height_mobile\":{\"unit\":\"em\",\"size\":\"\",\"sizes\":[]},\"meta_typography_letter_spacing\":{\"unit\":\"px\",\"size\":\"\",\"sizes\":[]},\"meta_typography_letter_spacing_tablet\":{\"unit\":\"px\",\"size\":\"\",\"sizes\":[]},\"meta_typography_letter_spacing_mobile\":{\"unit\":\"px\",\"size\":\"\",\"sizes\":[]},\"_title\":\"\",\"_margin\":{\"unit\":\"px\",\"top\":\"\",\"right\":\"\",\"bottom\":\"\",\"left\":\"\",\"isLinked\":true},\"_margin_tablet\":{\"unit\":\"px\",\"top\":\"\",\"right\":\"\",\"bottom\":\"\",\"left\":\"\",\"isLinked\":true},\"_margin_mobile\":{\"unit\":\"px\",\"top\":\"\",\"right\":\"\",\"bottom\":\"\",\"left\":\"\",\"isLinked\":true},\"_padding\":{\"unit\":\"px\",\"top\":\"\",\"right\":\"\",\"bottom\":\"\",\"left\":\"\",\"isLinked\":true},\"_padding_tablet\":{\"unit\":\"px\",\"top\":\"\",\"right\":\"\",\"bottom\":\"\",\"left\":\"\",\"isLinked\":true},\"_padding_mobile\":{\"unit\":\"px\",\"top\":\"\",\"right\":\"\",\"bottom\":\"\",\"left\":\"\",\"isLinked\":true},\"_z_index\":\"\",\"_z_index_tablet\":\"\",\"_z_index_mobile\":\"\",\"_element_id\":\"\",\"_css_classes\":\"\",\"_animation\":\"\",\"_animation_tablet\":\"\",\"_animation_mobile\":\"\",\"animation_duration\":\"\",\"_animation_delay\":\"\",\"_background_background\":\"\",\"_background_color\":\"\",\"_background_color_stop\":{\"unit\":\"%\",\"size\":0,\"sizes\":[]},\"_background_color_b\":\"#f2295b\",\"_background_color_b_stop\":{\"unit\":\"%\",\"size\":100,\"sizes\":[]},\"_background_gradient_type\":\"linear\",\"_background_gradient_angle\":{\"unit\":\"deg\",\"size\":180,\"sizes\":[]},\"_background_gradient_position\":\"center center\",\"_background_image\":{\"url\":\"\",\"id\":\"\"},\"_background_image_tablet\":{\"url\":\"\",\"id\":\"\"},\"_background_image_mobile\":{\"url\":\"\",\"id\":\"\"},\"_background_position\":\"\",\"_background_position_tablet\":\"\",\"_background_position_mobile\":\"\",\"_background_xpos\":{\"unit\":\"px\",\"size\":0,\"sizes\":[]},\"_background_xpos_tablet\":{\"unit\":\"px\",\"size\":0,\"sizes\":[]},\"_background_xpos_mobile\":{\"unit\":\"px\",\"size\":0,\"sizes\":[]},\"_background_ypos\":{\"unit\":\"px\",\"size\":0,\"sizes\":[]},\"_background_ypos_tablet\":{\"unit\":\"px\",\"size\":0,\"sizes\":[]},\"_background_ypos_mobile\":{\"unit\":\"px\",\"size\":0,\"sizes\":[]},\"_background_attachment\":\"\",\"_background_repeat\":\"\",\"_background_repeat_tablet\":\"\",\"_background_repeat_mobile\":\"\",\"_background_size\":\"\",\"_background_size_tablet\":\"\",\"_background_size_mobile\":\"\",\"_background_bg_width\":{\"unit\":\"%\",\"size\":100,\"sizes\":[]},\"_background_bg_width_tablet\":{\"unit\":\"px\",\"size\":\"\",\"sizes\":[]},\"_background_bg_width_mobile\":{\"unit\":\"px\",\"size\":\"\",\"sizes\":[]},\"_background_video_link\":\"\",\"_background_video_start\":\"\",\"_background_video_end\":\"\",\"_background_play_once\":\"\",\"_background_play_on_mobile\":\"\",\"_background_privacy_mode\":\"\",\"_background_video_fallback\":{\"url\":\"\",\"id\":\"\"},\"_background_slideshow_gallery\":[],\"_background_slideshow_loop\":\"yes\",\"_background_slideshow_slide_duration\":5000,\"_background_slideshow_slide_transition\":\"fade\",\"_background_slideshow_transition_duration\":500,\"_background_slideshow_background_size\":\"\",\"_background_slideshow_background_size_tablet\":\"\",\"_background_slideshow_background_size_mobile\":\"\",\"_background_slideshow_background_position\":\"\",\"_background_slideshow_background_position_tablet\":\"\",\"_background_slideshow_background_position_mobile\":\"\",\"_background_slideshow_ken_burns\":\"\",\"_background_slideshow_ken_burns_zoom_direction\":\"in\",\"_background_hover_background\":\"\",\"_background_hover_color\":\"\",\"_background_hover_color_stop\":{\"unit\":\"%\",\"size\":0,\"sizes\":[]},\"_background_hover_color_b\":\"#f2295b\",\"_background_hover_color_b_stop\":{\"unit\":\"%\",\"size\":100,\"sizes\":[]},\"_background_hover_gradient_type\":\"linear\",\"_background_hover_gradient_angle\":{\"unit\":\"deg\",\"size\":180,\"sizes\":[]},\"_background_hover_gradient_position\":\"center center\",\"_background_hover_image\":{\"url\":\"\",\"id\":\"\"},\"_background_hover_image_tablet\":{\"url\":\"\",\"id\":\"\"},\"_background_hover_image_mobile\":{\"url\":\"\",\"id\":\"\"},\"_background_hover_position\":\"\",\"_background_hover_position_tablet\":\"\",\"_background_hover_position_mobile\":\"\",\"_background_hover_xpos\":{\"unit\":\"px\",\"size\":0,\"sizes\":[]},\"_background_hover_xpos_tablet\":{\"unit\":\"px\",\"size\":0,\"sizes\":[]},\"_background_hover_xpos_mobile\":{\"unit\":\"px\",\"size\":0,\"sizes\":[]},\"_background_hover_ypos\":{\"unit\":\"px\",\"size\":0,\"sizes\":[]},\"_background_hover_ypos_tablet\":{\"unit\":\"px\",\"size\":0,\"sizes\":[]},\"_background_hover_ypos_mobile\":{\"unit\":\"px\",\"size\":0,\"sizes\":[]},\"_background_hover_attachment\":\"\",\"_background_hover_repeat\":\"\",\"_background_hover_repeat_tablet\":\"\",\"_background_hover_repeat_mobile\":\"\",\"_background_hover_size\":\"\",\"_background_hover_size_tablet\":\"\",\"_background_hover_size_mobile\":\"\",\"_background_hover_bg_width\":{\"unit\":\"%\",\"size\":100,\"sizes\":[]},\"_background_hover_bg_width_tablet\":{\"unit\":\"px\",\"size\":\"\",\"sizes\":[]},\"_background_hover_bg_width_mobile\":{\"unit\":\"px\",\"size\":\"\",\"sizes\":[]},\"_background_hover_video_link\":\"\",\"_background_hover_video_start\":\"\",\"_background_hover_video_end\":\"\",\"_background_hover_play_once\":\"\",\"_background_hover_play_on_mobile\":\"\",\"_background_hover_privacy_mode\":\"\",\"_background_hover_video_fallback\":{\"url\":\"\",\"id\":\"\"},\"_background_hover_slideshow_gallery\":[],\"_background_hover_slideshow_loop\":\"yes\",\"_background_hover_slideshow_slide_duration\":5000,\"_background_hover_slideshow_slide_transition\":\"fade\",\"_background_hover_slideshow_transition_duration\":500,\"_background_hover_slideshow_background_size\":\"\",\"_background_hover_slideshow_background_size_tablet\":\"\",\"_background_hover_slideshow_background_size_mobile\":\"\",\"_background_hover_slideshow_background_position\":\"\",\"_background_hover_slideshow_background_position_tablet\":\"\",\"_background_hover_slideshow_background_position_mobile\":\"\",\"_background_hover_slideshow_ken_burns\":\"\",\"_background_hover_slideshow_ken_burns_zoom_direction\":\"in\",\"_background_hover_transition\":{\"unit\":\"px\",\"size\":\"\",\"sizes\":[]},\"_border_border\":\"\",\"_border_width\":{\"unit\":\"px\",\"top\":\"\",\"right\":\"\",\"bottom\":\"\",\"left\":\"\",\"isLinked\":true},\"_border_width_tablet\":{\"unit\":\"px\",\"top\":\"\",\"right\":\"\",\"bottom\":\"\",\"left\":\"\",\"isLinked\":true},\"_border_width_mobile\":{\"unit\":\"px\",\"top\":\"\",\"right\":\"\",\"bottom\":\"\",\"left\":\"\",\"isLinked\":true},\"_border_color\":\"\",\"_border_radius\":{\"unit\":\"px\",\"top\":\"\",\"right\":\"\",\"bottom\":\"\",\"left\":\"\",\"isLinked\":true},\"_border_radius_tablet\":{\"unit\":\"px\",\"top\":\"\",\"right\":\"\",\"bottom\":\"\",\"left\":\"\",\"isLinked\":true},\"_border_radius_mobile\":{\"unit\":\"px\",\"top\":\"\",\"right\":\"\",\"bottom\":\"\",\"left\":\"\",\"isLinked\":true},\"_box_shadow_box_shadow_type\":\"\",\"_box_shadow_box_shadow\":{\"horizontal\":0,\"vertical\":0,\"blur\":10,\"spread\":0,\"color\":\"rgba(0,0,0,0.5)\"},\"_box_shadow_box_shadow_position\":\" \",\"_border_hover_border\":\"\",\"_border_hover_width\":{\"unit\":\"px\",\"top\":\"\",\"right\":\"\",\"bottom\":\"\",\"left\":\"\",\"isLinked\":true},\"_border_hover_width_tablet\":{\"unit\":\"px\",\"top\":\"\",\"right\":\"\",\"bottom\":\"\",\"left\":\"\",\"isLinked\":true},\"_border_hover_width_mobile\":{\"unit\":\"px\",\"top\":\"\",\"right\":\"\",\"bottom\":\"\",\"left\":\"\",\"isLinked\":true},\"_border_hover_color\":\"\",\"_border_radius_hover\":{\"unit\":\"px\",\"top\":\"\",\"right\":\"\",\"bottom\":\"\",\"left\":\"\",\"isLinked\":true},\"_border_radius_hover_tablet\":{\"unit\":\"px\",\"top\":\"\",\"right\":\"\",\"bottom\":\"\",\"left\":\"\",\"isLinked\":true},\"_border_radius_hover_mobile\":{\"unit\":\"px\",\"top\":\"\",\"right\":\"\",\"bottom\":\"\",\"left\":\"\",\"isLinked\":true},\"_box_shadow_hover_box_shadow_type\":\"\",\"_box_shadow_hover_box_shadow\":{\"horizontal\":0,\"vertical\":0,\"blur\":10,\"spread\":0,\"color\":\"rgba(0,0,0,0.5)\"},\"_box_shadow_hover_box_shadow_position\":\" \",\"_border_hover_transition\":{\"unit\":\"px\",\"size\":\"\",\"sizes\":[]},\"_mask_switch\":\"\",\"_mask_shape\":\"circle\",\"_mask_image\":{\"url\":\"\",\"id\":\"\"},\"_mask_notice\":\"\",\"_mask_size\":\"contain\",\"_mask_size_tablet\":\"\",\"_mask_size_mobile\":\"\",\"_mask_size_scale\":{\"unit\":\"%\",\"size\":100,\"sizes\":[]},\"_mask_size_scale_tablet\":{\"unit\":\"px\",\"size\":\"\",\"sizes\":[]},\"_mask_size_scale_mobile\":{\"unit\":\"px\",\"size\":\"\",\"sizes\":[]},\"_mask_position\":\"center center\",\"_mask_position_tablet\":\"\",\"_mask_position_mobile\":\"\",\"_mask_position_x\":{\"unit\":\"%\",\"size\":0,\"sizes\":[]},\"_mask_position_x_tablet\":{\"unit\":\"px\",\"size\":\"\",\"sizes\":[]},\"_mask_position_x_mobile\":{\"unit\":\"px\",\"size\":\"\",\"sizes\":[]},\"_mask_position_y\":{\"unit\":\"%\",\"size\":0,\"sizes\":[]},\"_mask_position_y_tablet\":{\"unit\":\"px\",\"size\":\"\",\"sizes\":[]},\"_mask_position_y_mobile\":{\"unit\":\"px\",\"size\":\"\",\"sizes\":[]},\"_mask_repeat\":\"no-repeat\",\"_mask_repeat_tablet\":\"\",\"_mask_repeat_mobile\":\"\",\"_element_width\":\"\",\"_element_width_tablet\":\"\",\"_element_width_mobile\":\"\",\"_element_custom_width\":{\"unit\":\"px\",\"size\":\"\",\"sizes\":[]},\"_element_custom_width_tablet\":{\"unit\":\"px\",\"size\":\"\",\"sizes\":[]},\"_element_custom_width_mobile\":{\"unit\":\"px\",\"size\":\"\",\"sizes\":[]},\"_element_vertical_align\":\"\",\"_element_vertical_align_tablet\":\"\",\"_element_vertical_align_mobile\":\"\",\"_position\":\"\",\"_offset_orientation_h\":\"start\",\"_offset_x\":{\"unit\":\"px\",\"size\":\"0\",\"sizes\":[]},\"_offset_x_tablet\":{\"unit\":\"px\",\"size\":\"\",\"sizes\":[]},\"_offset_x_mobile\":{\"unit\":\"px\",\"size\":\"\",\"sizes\":[]},\"_offset_x_end\":{\"unit\":\"px\",\"size\":\"0\",\"sizes\":[]},\"_offset_x_end_tablet\":{\"unit\":\"px\",\"size\":\"\",\"sizes\":[]},\"_offset_x_end_mobile\":{\"unit\":\"px\",\"size\":\"\",\"sizes\":[]},\"_offset_orientation_v\":\"start\",\"_offset_y\":{\"unit\":\"px\",\"size\":\"0\",\"sizes\":[]},\"_offset_y_tablet\":{\"unit\":\"px\",\"size\":\"\",\"sizes\":[]},\"_offset_y_mobile\":{\"unit\":\"px\",\"size\":\"\",\"sizes\":[]},\"_offset_y_end\":{\"unit\":\"px\",\"size\":\"0\",\"sizes\":[]},\"_offset_y_end_tablet\":{\"unit\":\"px\",\"size\":\"\",\"sizes\":[]},\"_offset_y_end_mobile\":{\"unit\":\"px\",\"size\":\"\",\"sizes\":[]},\"hide_desktop\":\"\",\"hide_tablet\":\"\",\"hide_mobile\":\"\",\"paged\":1,\"column_class\":\"jeg_col_3o3\",\"class\":\"jnews_block_11\"};<\/script>\n\t\t\t\t<\/div>\t\t<\/div>\n\t\t\t\t<\/div>\n\t\t\t\t\t<\/div>\n\t\t<\/div>\n\t\t\t\t\t\t\t<\/div>\n\t\t<\/section>\n\t\t\t\t\t\t<\/div>\n\t\t\t\t\t<\/div>\n\t\t","protected":false},"excerpt":{"rendered":"<p>Gi\u1edbi thi\u1ec7u Ban Li\u00ean l\u1ea1c c\u1ef1u Sinh vi\u00ean Khoa Ch\u0103n nu\u00f4i Th\u00fa y \u0111\u01b0\u1ee3c th\u00e0nh l\u1eadp th\u00e1ng 11 n\u0103m 2014 nh\u1eb1m t\u1ea1o s\u1ef1 \u0111o\u00e0n k\u1ebft, t\u01b0\u01a1ng tr\u1ee3, giao l\u01b0u gi\u1eefa c\u1ef1u Sinh vi\u00ean v\u1edbi nhau c\u0169ng nh\u01b0 v\u1edbi SV \u0111ang h\u1ecdc, v\u00e0 tham gia h\u1ed7 tr\u1ee3 ph\u00e1t tri\u1ec3n khoa CNTY, tr\u01b0\u1eddng \u0110\u1ea1i h\u1ecdc N\u00f4ng L\u00e2m [&hellip;]<\/p>\n","protected":false},"author":1,"featured_media":51,"parent":0,"menu_order":0,"comment_status":"closed","ping_status":"open","template":"elementor_header_footer","meta":[],"_links":{"self":[{"href":"https:\/\/cnty.hcmuaf.edu.vn\/ban-lien-lac\/wp-json\/wp\/v2\/pages\/2"}],"collection":[{"href":"https:\/\/cnty.hcmuaf.edu.vn\/ban-lien-lac\/wp-json\/wp\/v2\/pages"}],"about":[{"href":"https:\/\/cnty.hcmuaf.edu.vn\/ban-lien-lac\/wp-json\/wp\/v2\/types\/page"}],"author":[{"embeddable":true,"href":"https:\/\/cnty.hcmuaf.edu.vn\/ban-lien-lac\/wp-json\/wp\/v2\/users\/1"}],"replies":[{"embeddable":true,"href":"https:\/\/cnty.hcmuaf.edu.vn\/ban-lien-lac\/wp-json\/wp\/v2\/comments?post=2"}],"version-history":[{"count":0,"href":"https:\/\/cnty.hcmuaf.edu.vn\/ban-lien-lac\/wp-json\/wp\/v2\/pages\/2\/revisions"}],"wp:featuredmedia":[{"embeddable":true,"href":"https:\/\/cnty.hcmuaf.edu.vn\/ban-lien-lac\/wp-json\/wp\/v2\/media\/51"}],"wp:attachment":[{"href":"https:\/\/cnty.hcmuaf.edu.vn\/ban-lien-lac\/wp-json\/wp\/v2\/media?parent=2"}],"curies":[{"name":"wp","href":"https:\/\/api.w.org\/{rel}","templated":true}]}}