{"id":98,"date":"2021-08-05T03:26:31","date_gmt":"2021-08-04T20:26:31","guid":{"rendered":"https:\/\/cnty.hcmuaf.edu.vn\/advet\/?page_id=98"},"modified":"2021-08-05T03:26:31","modified_gmt":"2021-08-04T20:26:31","slug":"academic","status":"publish","type":"page","link":"https:\/\/cnty.hcmuaf.edu.vn\/advet\/academic","title":{"rendered":"Academic"},"content":{"rendered":"<div id=\"ccchildpages-1\" class=\"ccchildpages twocol simple ccclearfix\"><div class=\"ccchildpage  ccfirst ccodd ccpage-count-1 ccpage-id-107 ccpage-curriculum-structure ccpage-has-parent ccpage-pid-98 ccpage-parent-academic\"><h3 class=\"ccpage_linked_title\"><a class=\"ccpage_title_link\" href=\"https:\/\/cnty.hcmuaf.edu.vn\/advet\/academic\/curriculum-structure\" title=\"Curriculum Structure\">Curriculum Structure<\/a><\/h3><div class=\"ccpages_excerpt\">advet-cau-truc-chuong-trinh<\/div><\/div><div class=\"ccchildpage  cclast cceven ccpage-count-2 ccpage-id-112 ccpage-course-profile ccpage-has-parent ccpage-pid-98 ccpage-parent-academic\"><h3 class=\"ccpage_linked_title\"><a class=\"ccpage_title_link\" href=\"https:\/\/cnty.hcmuaf.edu.vn\/advet\/academic\/course-profile\" title=\"Course Profile\">Course Profile<\/a><\/h3><div class=\"ccpages_excerpt\">Course List Year 1 Course Code Units Course Title \u00a0 15 Anh v\u0103n 1 (General English 1) \u00a0 3 Anh v\u0103n chuy\u00ean ng\u00e0nh I (English for Veterinary Medicine I) \u00a0 1 Th\u1ec3 d\u1ee5c (Physical training) I \u00a0 5 Anh v\u0103n 2 (General English 2) \u00a0 3 Anh v\u0103n chuy\u00ean ng\u00e0nh II (English for Veterinary Medicin...<\/div><\/div><\/div>\n","protected":false},"excerpt":{"rendered":"","protected":false},"author":1,"featured_media":0,"parent":0,"menu_order":0,"comment_status":"closed","ping_status":"closed","template":"","meta":[],"_links":{"self":[{"href":"https:\/\/cnty.hcmuaf.edu.vn\/advet\/wp-json\/wp\/v2\/pages\/98"}],"collection":[{"href":"https:\/\/cnty.hcmuaf.edu.vn\/advet\/wp-json\/wp\/v2\/pages"}],"about":[{"href":"https:\/\/cnty.hcmuaf.edu.vn\/advet\/wp-json\/wp\/v2\/types\/page"}],"author":[{"embeddable":true,"href":"https:\/\/cnty.hcmuaf.edu.vn\/advet\/wp-json\/wp\/v2\/users\/1"}],"replies":[{"embeddable":true,"href":"https:\/\/cnty.hcmuaf.edu.vn\/advet\/wp-json\/wp\/v2\/comments?post=98"}],"version-history":[{"count":1,"href":"https:\/\/cnty.hcmuaf.edu.vn\/advet\/wp-json\/wp\/v2\/pages\/98\/revisions"}],"predecessor-version":[{"id":99,"href":"https:\/\/cnty.hcmuaf.edu.vn\/advet\/wp-json\/wp\/v2\/pages\/98\/revisions\/99"}],"wp:attachment":[{"href":"https:\/\/cnty.hcmuaf.edu.vn\/advet\/wp-json\/wp\/v2\/media?parent=98"}],"curies":[{"name":"wp","href":"https:\/\/api.w.org\/{rel}","templated":true}]}}