{"id":95,"date":"2021-08-05T03:25:38","date_gmt":"2021-08-04T20:25:38","guid":{"rendered":"https:\/\/cnty.hcmuaf.edu.vn\/advet\/?page_id=95"},"modified":"2021-08-05T03:26:10","modified_gmt":"2021-08-04T20:26:10","slug":"dao-tao","status":"publish","type":"page","link":"https:\/\/cnty.hcmuaf.edu.vn\/advet\/dao-tao","title":{"rendered":"\u0110\u00e0o t\u1ea1o"},"content":{"rendered":"<div id=\"ccchildpages-1\" class=\"ccchildpages twocol simple ccclearfix\"><div class=\"ccchildpage  ccfirst ccodd ccpage-count-1 ccpage-id-103 ccpage-cau-truc-chuong-trinh ccpage-has-parent ccpage-pid-95 ccpage-parent-dao-tao\"><h3 class=\"ccpage_linked_title\"><a class=\"ccpage_title_link\" href=\"https:\/\/cnty.hcmuaf.edu.vn\/advet\/dao-tao\/cau-truc-chuong-trinh\" title=\"C\u1ea5u tr\u00fac ch\u01b0\u01a1ng tr\u00ecnh\">C\u1ea5u tr\u00fac ch\u01b0\u01a1ng tr\u00ecnh<\/a><\/h3><div class=\"ccpages_excerpt\">CAU-TRUC-CHUONG-TRINH KHUNG CH\u01af\u01a0NG TR\u00ccNH \u0110\u00c0O T\u1ea0O 49_Bac si thu y CTTT_TT [N\u0102M 2020] &nbsp; &nbsp;<\/div><\/div><div class=\"ccchildpage  cclast cceven ccpage-count-2 ccpage-id-109 ccpage-de-cuong-mon-hoc ccpage-has-parent ccpage-pid-95 ccpage-parent-dao-tao\"><h3 class=\"ccpage_linked_title\"><a class=\"ccpage_title_link\" href=\"https:\/\/cnty.hcmuaf.edu.vn\/advet\/dao-tao\/de-cuong-mon-hoc\" title=\"\u0110\u1ec1 c\u01b0\u01a1ng m\u00f4n h\u1ecdc\">\u0110\u1ec1 c\u01b0\u01a1ng m\u00f4n h\u1ecdc<\/a><\/h3><div class=\"ccpages_excerpt\">C\u00e1c m\u00f4n h\u1ecdc trong ch\u01b0\u01a1ng tr\u00ecnh \u0111\u00e0o t\u1ea1o Year 1 Course Code Units Course Title \u00a0 15 Anh v\u0103n 1 (General English 1) \u00a0 3 Anh v\u0103n chuy\u00ean ng\u00e0nh I (English for Veterinary Medicine I) \u00a0 1 Th\u1ec3 d\u1ee5c (Physical training) I \u00a0 5 Anh v\u0103n 2 (General English 2) \u00a0 3 Anh v\u0103n chuy\u00ean...<\/div><\/div><\/div>\n","protected":false},"excerpt":{"rendered":"","protected":false},"author":1,"featured_media":0,"parent":0,"menu_order":0,"comment_status":"closed","ping_status":"closed","template":"","meta":[],"_links":{"self":[{"href":"https:\/\/cnty.hcmuaf.edu.vn\/advet\/wp-json\/wp\/v2\/pages\/95"}],"collection":[{"href":"https:\/\/cnty.hcmuaf.edu.vn\/advet\/wp-json\/wp\/v2\/pages"}],"about":[{"href":"https:\/\/cnty.hcmuaf.edu.vn\/advet\/wp-json\/wp\/v2\/types\/page"}],"author":[{"embeddable":true,"href":"https:\/\/cnty.hcmuaf.edu.vn\/advet\/wp-json\/wp\/v2\/users\/1"}],"replies":[{"embeddable":true,"href":"https:\/\/cnty.hcmuaf.edu.vn\/advet\/wp-json\/wp\/v2\/comments?post=95"}],"version-history":[{"count":2,"href":"https:\/\/cnty.hcmuaf.edu.vn\/advet\/wp-json\/wp\/v2\/pages\/95\/revisions"}],"predecessor-version":[{"id":97,"href":"https:\/\/cnty.hcmuaf.edu.vn\/advet\/wp-json\/wp\/v2\/pages\/95\/revisions\/97"}],"wp:attachment":[{"href":"https:\/\/cnty.hcmuaf.edu.vn\/advet\/wp-json\/wp\/v2\/media?parent=95"}],"curies":[{"name":"wp","href":"https:\/\/api.w.org\/{rel}","templated":true}]}}