{"id":79,"date":"2021-08-05T03:14:38","date_gmt":"2021-08-04T20:14:38","guid":{"rendered":"https:\/\/cnty.hcmuaf.edu.vn\/advet\/?page_id=79"},"modified":"2021-08-09T16:18:45","modified_gmt":"2021-08-09T09:18:45","slug":"trang-chu","status":"publish","type":"page","link":"https:\/\/cnty.hcmuaf.edu.vn\/advet\/","title":{"rendered":"Trang ch\u1ee7"},"content":{"rendered":"\t\t<div data-elementor-type=\"wp-page\" data-elementor-id=\"79\" class=\"elementor elementor-79\" data-elementor-settings=\"[]\">\n\t\t\t\t\t\t\t<div class=\"elementor-section-wrap\">\n\t\t\t\t\t\t\t<section class=\"elementor-section elementor-top-section elementor-element elementor-element-34cc3b8 elementor-section-boxed elementor-section-height-default elementor-section-height-default\" data-id=\"34cc3b8\" data-element_type=\"section\" data-settings=\"{&quot;background_background&quot;:&quot;classic&quot;}\">\n\t\t\t\t\t\t\t<div class=\"elementor-background-overlay\"><\/div>\n\t\t\t\t\t\t\t<div class=\"elementor-container elementor-column-gap-default\">\n\t\t\t\t\t<div class=\"elementor-column elementor-col-100 elementor-top-column elementor-element elementor-element-055e120\" data-id=\"055e120\" data-element_type=\"column\">\n\t\t\t<div class=\"elementor-widget-wrap elementor-element-populated\">\n\t\t\t\t\t\t\t\t<div class=\"elementor-element elementor-element-aeee2f1 elementor-widget elementor-widget-heading\" data-id=\"aeee2f1\" data-element_type=\"widget\" data-widget_type=\"heading.default\">\n\t\t\t\t<div class=\"elementor-widget-container\">\n\t\t\t<div class=\"elementor-heading-title elementor-size-medium\">CH\u01af\u01a0NG TR\u00ccNH \u0110\u1ea0I H\u1eccC TI\u00caN TI\u1ebeN<\/div>\t\t<\/div>\n\t\t\t\t<\/div>\n\t\t\t\t<div class=\"elementor-element elementor-element-a40b357 elementor-widget elementor-widget-heading\" data-id=\"a40b357\" data-element_type=\"widget\" data-widget_type=\"heading.default\">\n\t\t\t\t<div class=\"elementor-widget-container\">\n\t\t\t<h2 class=\"elementor-heading-title elementor-size-xl\">NG\u00c0NH TH\u00da Y<\/h2>\t\t<\/div>\n\t\t\t\t<\/div>\n\t\t\t\t<section class=\"elementor-section elementor-inner-section elementor-element elementor-element-0517261 elementor-section-boxed elementor-section-height-default elementor-section-height-default\" data-id=\"0517261\" data-element_type=\"section\">\n\t\t\t\t\t\t<div class=\"elementor-container elementor-column-gap-default\">\n\t\t\t\t\t<div class=\"elementor-column elementor-col-33 elementor-inner-column elementor-element elementor-element-29a4751\" data-id=\"29a4751\" data-element_type=\"column\">\n\t\t\t<div class=\"elementor-widget-wrap elementor-element-populated\">\n\t\t\t\t\t\t\t\t<div class=\"elementor-element elementor-element-c34eb0f home-button elementor-widget elementor-widget-button\" data-id=\"c34eb0f\" data-element_type=\"widget\" data-widget_type=\"button.default\">\n\t\t\t\t<div class=\"elementor-widget-container\">\n\t\t\t\t\t<div class=\"elementor-button-wrapper\">\n\t\t\t<a href=\"\/advet\/gioi-thieu\" class=\"elementor-button-link elementor-button elementor-size-sm\" role=\"button\">\n\t\t\t\t\t\t<span class=\"elementor-button-content-wrapper\">\n\t\t\t\t\t\t<span class=\"elementor-button-text\">GI\u1edaI THI\u1ec6U<\/span>\n\t\t<\/span>\n\t\t\t\t\t<\/a>\n\t\t<\/div>\n\t\t\t\t<\/div>\n\t\t\t\t<\/div>\n\t\t\t\t\t<\/div>\n\t\t<\/div>\n\t\t\t\t<div class=\"elementor-column elementor-col-33 elementor-inner-column elementor-element elementor-element-90fa937\" data-id=\"90fa937\" data-element_type=\"column\">\n\t\t\t<div class=\"elementor-widget-wrap elementor-element-populated\">\n\t\t\t\t\t\t\t\t<div class=\"elementor-element elementor-element-50d1765 home-button elementor-widget elementor-widget-button\" data-id=\"50d1765\" data-element_type=\"widget\" data-widget_type=\"button.default\">\n\t\t\t\t<div class=\"elementor-widget-container\">\n\t\t\t\t\t<div class=\"elementor-button-wrapper\">\n\t\t\t<a href=\"\/advet\/gioi-thieu\/muc-tieu-dao-tao\" class=\"elementor-button-link elementor-button elementor-size-sm\" role=\"button\">\n\t\t\t\t\t\t<span class=\"elementor-button-content-wrapper\">\n\t\t\t\t\t\t<span class=\"elementor-button-text\">M\u1ee4C TI\u00caU \u0110\u00c0O T\u1ea0O<\/span>\n\t\t<\/span>\n\t\t\t\t\t<\/a>\n\t\t<\/div>\n\t\t\t\t<\/div>\n\t\t\t\t<\/div>\n\t\t\t\t\t<\/div>\n\t\t<\/div>\n\t\t\t\t<div class=\"elementor-column elementor-col-33 elementor-inner-column elementor-element elementor-element-2e93585\" data-id=\"2e93585\" data-element_type=\"column\">\n\t\t\t<div class=\"elementor-widget-wrap elementor-element-populated\">\n\t\t\t\t\t\t\t\t<div class=\"elementor-element elementor-element-acdc51d home-button elementor-widget elementor-widget-button\" data-id=\"acdc51d\" data-element_type=\"widget\" data-widget_type=\"button.default\">\n\t\t\t\t<div class=\"elementor-widget-container\">\n\t\t\t\t\t<div class=\"elementor-button-wrapper\">\n\t\t\t<a href=\"\/advet\/dao-tao\/cau-truc-chuong-trinh\" class=\"elementor-button-link elementor-button elementor-size-sm\" role=\"button\">\n\t\t\t\t\t\t<span class=\"elementor-button-content-wrapper\">\n\t\t\t\t\t\t<span class=\"elementor-button-text\">C\u1ea4U TR\u00daC CH\u01af\u01a0NG TR\u00ccNH<\/span>\n\t\t<\/span>\n\t\t\t\t\t<\/a>\n\t\t<\/div>\n\t\t\t\t<\/div>\n\t\t\t\t<\/div>\n\t\t\t\t\t<\/div>\n\t\t<\/div>\n\t\t\t\t\t\t\t<\/div>\n\t\t<\/section>\n\t\t\t\t\t<\/div>\n\t\t<\/div>\n\t\t\t\t\t\t\t<\/div>\n\t\t<\/section>\n\t\t\t\t\t\t<\/div>\n\t\t\t\t\t<\/div>\n\t\t","protected":false},"excerpt":{"rendered":"<p>CH\u01af\u01a0NG TR\u00ccNH \u0110\u1ea0I H\u1eccC TI\u00caN TI\u1ebeN NG\u00c0NH TH\u00da Y GI\u1edaI THI\u1ec6U M\u1ee4C TI\u00caU \u0110\u00c0O T\u1ea0O C\u1ea4U TR\u00daC CH\u01af\u01a0NG TR\u00ccNH<\/p>\n","protected":false},"author":1,"featured_media":0,"parent":0,"menu_order":0,"comment_status":"closed","ping_status":"closed","template":"elementor_header_footer","meta":[],"_links":{"self":[{"href":"https:\/\/cnty.hcmuaf.edu.vn\/advet\/wp-json\/wp\/v2\/pages\/79"}],"collection":[{"href":"https:\/\/cnty.hcmuaf.edu.vn\/advet\/wp-json\/wp\/v2\/pages"}],"about":[{"href":"https:\/\/cnty.hcmuaf.edu.vn\/advet\/wp-json\/wp\/v2\/types\/page"}],"author":[{"embeddable":true,"href":"https:\/\/cnty.hcmuaf.edu.vn\/advet\/wp-json\/wp\/v2\/users\/1"}],"replies":[{"embeddable":true,"href":"https:\/\/cnty.hcmuaf.edu.vn\/advet\/wp-json\/wp\/v2\/comments?post=79"}],"version-history":[{"count":28,"href":"https:\/\/cnty.hcmuaf.edu.vn\/advet\/wp-json\/wp\/v2\/pages\/79\/revisions"}],"predecessor-version":[{"id":169,"href":"https:\/\/cnty.hcmuaf.edu.vn\/advet\/wp-json\/wp\/v2\/pages\/79\/revisions\/169"}],"wp:attachment":[{"href":"https:\/\/cnty.hcmuaf.edu.vn\/advet\/wp-json\/wp\/v2\/media?parent=79"}],"curies":[{"name":"wp","href":"https:\/\/api.w.org\/{rel}","templated":true}]}}