{"id":45,"date":"2021-08-05T02:46:04","date_gmt":"2021-08-04T19:46:04","guid":{"rendered":"https:\/\/cnty.hcmuaf.edu.vn\/advet\/?page_id=45"},"modified":"2021-08-05T02:46:04","modified_gmt":"2021-08-04T19:46:04","slug":"organization","status":"publish","type":"page","link":"https:\/\/cnty.hcmuaf.edu.vn\/advet\/introduction\/organization","title":{"rendered":"Organization"},"content":{"rendered":"<h2>Teaching Assignment (tentative)<\/h2>\n<table>\n<tbody>\n<tr>\n<td><strong>STT<\/strong><strong>(<em>No<\/em>)<\/strong><\/td>\n<td><strong>T\u00ean h\u1ecdc h\u1ecdc ph\u1ea7n (<em>Courses<\/em>)<\/strong><\/td>\n<td><strong>\u0110\u01a1n v\u1ecb (<em>Faculty<\/em>)<\/strong><\/td>\n<td><strong>Gi\u1ea3ng vi\u00ean (<em>Lecturers<\/em>)<\/strong><\/td>\n<\/tr>\n<tr>\n<td>1<\/td>\n<td>Anh v\u0103n<br \/>\n<em>General English<\/em><\/td>\n<td>Khoa Ng\u1ecdai ng\u1eef<br \/>\n<em>Fac. foreign Languages<br \/>\n<\/em><em>SEAMEO<\/em><\/td>\n<td>&nbsp;<\/td>\n<\/tr>\n<tr>\n<td>2<\/td>\n<td>Anh v\u0103n chuy\u00ean ng\u00e0nh<br \/>\n<em>English for Veterinary Medicine<\/em><\/td>\n<td>Khoa CN-TY<br \/>\n<em>Fac. Ani Sci &amp; Vet Med<\/em><\/td>\n<td>\u2013 Ch\u1ebf Minh T\u00f9ng (PhD)<br \/>\n\u2013 L\u00e2m Th\u1ecb Thu H\u01b0\u01a1ng<br \/>\n\u2013 Nguy\u1ec5n T\u1ea5t To\u00e0n<br \/>\n\u2013 V\u00f5 T\u1ea5n \u0110\u1ea1i<br \/>\n\u2013 V\u00f5 Th\u1ecb Tr\u00e0 An<br \/>\n\u2013 D\u01b0\u01a1ng Nguy\u00ean Khang<br \/>\n\u2013 Nguy\u1ec5n<br \/>\nHi\u1ebfu Ph\u01b0\u01a1ng<\/td>\n<\/tr>\n<tr>\n<td>3<\/td>\n<td>K\u1ef9 n\u0103ng nghi\u00ean c\u1ee9u<br \/>\n<em>Research skills<\/em><\/td>\n<td>Khoa CN-TY<br \/>\n<em>Fac. Ani Sci &amp; Vet Med<\/em><\/td>\n<td>\u2013 V\u00f5 Th\u1ecb Tr\u00e0 An (PhD)<br \/>\n\u2013 Nguy\u1ec5n Quang Thi\u1ec7u (PhD)<br \/>\n\u2013 Nguy\u1ec5n Ti\u1ebfn Th\u00e0nh (PhD)<\/td>\n<\/tr>\n<tr>\n<td>4<\/td>\n<td>C\u00e1c nguy\u00ean l\u00fd c\u01a1 b\u1ea3n c\u1ee7a Ch\u1ee7 ngh\u0129a Mac- L\u00eanin<br \/>\n<em>Principles of Marxism-Leninism<\/em><\/td>\n<td>B\u1ed9 m\u00f4n M\u00e1c-L\u00ea<br \/>\n<em>Dept.\u00a0<\/em><em>Marx-Lenin<\/em><\/td>\n<td>\u2013 Nguy\u1ec5n H\u1ed3ng H\u1ea3i (PhD)<\/td>\n<\/tr>\n<tr>\n<td>5<\/td>\n<td>\u0110\u01b0\u1eddng l\u1ed1i C\u00e1ch m\u1ea1ng c\u1ee7a \u0110\u1ea3ng C\u1ed9ng s\u1ea3n Vi\u1ec7t Nam<br \/>\n<em>Revolutionary of VN\u2019s Communist Party<\/em><\/td>\n<td>B\u1ed9 m\u00f4n M\u00e1c-L\u00ea<br \/>\n<em>Dept.\u00a0<\/em><em>Marx-Lenin<\/em><\/td>\n<td>\u2013 V\u00f5 Th\u1ecb H\u1ed3ng (PhD)<\/td>\n<\/tr>\n<tr>\n<td>6<\/td>\n<td>T\u01b0 t\u01b0\u1edfng H\u1ed3 Ch\u00ed Minh<br \/>\n<em>HoChiMinh\u2019s thoughts<\/em><\/td>\n<td>B\u1ed9 m\u00f4n M\u00e1c-L\u00ea<br \/>\n<em>Dept.\u00a0<\/em><em>Marx-Lenin<\/em><\/td>\n<td>\u2013 L\u00ea Th\u1ecb Kim Chi (PhD)<\/td>\n<\/tr>\n<tr>\n<td>7<\/td>\n<td>C\u00e1c m\u00f4n h\u1ecdc th\u1ec3 ch\u1ea5t v\u00e0 qu\u1ed1c ph\u00f2ng<br \/>\n<em>Physical\u00a0<\/em><em>&amp;\u00a0<\/em><em>Defence training<\/em><\/td>\n<td>B\u1ed9 m\u00f4n Gi\u00e1o d\u1ee5c th\u1ec3 ch\u1ea5t<br \/>\n<em>Dept. physical Education<\/em><\/td>\n<td>GV c\u1ee7a B\u1ed9 m\u00f4n Gi\u00e1o d\u1ee5c th\u1ec3 ch\u1ea5t v\u00e0 B\u1ed9 m\u00f4n qu\u1ed1c ph\u00f2ng<\/td>\n<\/tr>\n<tr>\n<td>8<\/td>\n<td>Ch\u0103n nu\u00f4i \u0111\u1ea1i c\u01b0\u01a1ng<br \/>\n<em>Introduction to Animal Production<\/em><\/td>\n<td>Khoa CN-TY<br \/>\n<em>Fac. Ani Sci &amp; Vet Med<\/em><\/td>\n<td>\u2013 Ch\u1ebf Minh T\u00f9ng (PhD)<\/td>\n<\/tr>\n<tr>\n<td>9<\/td>\n<td>Sinh h\u00f3a &amp; sinh h\u1ecdc ph\u00e2n t\u1eed \u0111\u1ea1i c\u01b0\u01a1ng<br \/>\n<em>Molecular Basis of Life<\/em><\/td>\n<td>Khoa CN-TY<br \/>\n<em>Fac. Animal Science and Veterinary Medicine<\/em><\/td>\n<td>\u2013 Ch\u1ebf Minh T\u00f9ng (PhD)<br \/>\n\u2013 L\u00ea Thu\u1ef5 B\u00ecnh Ph\u01b0\u01a1ng (MSc)<\/td>\n<\/tr>\n<tr>\n<td>10<\/td>\n<td>Th\u00fa y \u0111\u1ea1i c\u01b0\u01a1ng<br \/>\n<em>Veterinary Professional Studies<\/em><\/td>\n<td>Khoa CN-TY<br \/>\n<em>Fac. Ani Sci &amp; Vet Med<\/em><em>\u2013 Visiting lecturer (UQ)<\/em><\/td>\n<td>\u2013 Nguy\u1ec5n T\u1ea5t To\u00e0n (PhD)<br \/>\n\u2013 Nguy\u1ec5n \u0110\u00ecnh Qu\u00e1t (PhD)<br \/>\n\u2013 L\u00ea Quang Th\u00f4ng<br \/>\n\u2013 Nguy\u1ec5n Ti\u1ebfn Th\u00e0nh<\/td>\n<\/tr>\n<tr>\n<td>11<\/td>\n<td>Sinh h\u1ecdc &amp; m\u00f4 h\u1ecdc \u0111\u1ea1i c\u01b0\u01a1ng<br \/>\n<em>Veterinary Biology &amp; Histology<\/em><\/td>\n<td>Khoa CN-TY<br \/>\n<em>Fac. Ani Sci &amp; Vet Med<\/em><\/td>\n<td>\u2013 Asso. Prof. L\u00e2m Th\u1ecb Thu H\u01b0\u01a1ng (PhD)<br \/>\n\u2013 L\u00ea Quang Th\u00f4ng (PhD)<br \/>\n\u2013 Nguy\u1ec5n Ti\u1ebfn Th\u00e0nh (PhD)<br \/>\n\u2013 Nguy\u1ec5n V\u0103n Nh\u00e3<\/td>\n<\/tr>\n<tr>\n<td>12<\/td>\n<td>Sinh h\u1ecdc t\u1ebf b\u00e0o &amp; m\u00f4<br \/>\n<em>Cell and Tissue Biology<\/em><\/td>\n<td>Khoa CN-TY<br \/>\n<em>Fac. Ani Sci &amp; Vet Med<\/em><\/td>\n<td>\u2013 Asso. Prof. L\u00e2m Th\u1ecb Thu H\u01b0\u01a1ng (PhD)<br \/>\n\u2013 \u0110\u01b0\u1eddng Chi Mai (PhD Candidate)<br \/>\n\u2013 Nguy\u1ec5n V\u0103n Nh\u00e3<br \/>\n\u2013 Nguy\u1ec5n Thanh B\u00ecnh (PhD)<\/td>\n<\/tr>\n<tr>\n<td>13<\/td>\n<td>Ti\u00eau h\u00f3a v\u00e0 bi\u1ebfn d\u01b0\u1ee1ng<br \/>\n<em>Digestion, Metabolism &amp; Nutrition<\/em><\/td>\n<td>Khoa CN-TY<br \/>\n<em>Fac. Ani Sci &amp; Vet Med<\/em><\/td>\n<td>\u2013 Asso. Prof. D\u01b0\u01a1ng Nguy\u00ean Khang (PhD)<br \/>\n\u2013 Asso. Prof. Tr\u1ea7n Th\u1ecb D\u00e2n (PhD)<br \/>\n\u2013 L\u00ea Quang Th\u00f4ng<br \/>\n(PhD)<br \/>\n\u2013\u00a0Nguy\u1ec5n Ki\u00ean C\u01b0\u1eddng (MSc)<\/td>\n<\/tr>\n<tr>\n<td>14<\/td>\n<td>C\u01a1 th\u1ec3 h\u1ecdc &amp; sinh l\u00fd h\u1ec7 v\u1eadn \u0111\u1ed9ng v\u00e0 da<br \/>\n<em>Functional Anatomy of Locomotion and the Integument<\/em><\/td>\n<td>Khoa CN-TY<br \/>\n<em>Fac. Ani Sci &amp; Vet Med<\/em><em>\u00a0<\/em><em>\u00a0<\/em><em>\u2013 Visiting lecturer (Lyon<br \/>\nUniversity)<\/em><\/td>\n<td>\u2013 L\u00ea Quang Th\u00f4ng (PhD)<br \/>\n\u2013 Asso. Prof. Tr\u1ea7n Th\u1ecb D\u00e2n (PhD)<br \/>\n\u2013 Asso. Prof. D\u01b0\u01a1ng Nguy\u00ean Khang (PhD)<\/td>\n<\/tr>\n<tr>\n<td>15<\/td>\n<td>Ph\u00fac l\u1ee3i &amp; ch\u0103m s\u00f3c \u0111\u1ed9ng v\u1eadt<br \/>\n<em>Welfare and Handling Animals<\/em><\/td>\n<td>Khoa CN-TY<br \/>\n<em>Fac. Ani Sci &amp; Vet Med<br \/>\n<\/em><em>\u2013 Visiting lecturer (<\/em><em>University<\/em><em>\u00a0of<br \/>\nWaningen, The Netherlands)<\/em><\/td>\n<td>\u2013 Hu\u1ef3nh Th\u1ecb Thanh Th\u1ee7y (PhD)<br \/>\n\u2013 Nguy\u1ec5n Ki\u00ean C\u01b0\u1eddng (Msc)<br \/>\n\u2013 Ch\u1ebf Minh T\u00f9ng (PhD)<\/td>\n<\/tr>\n<tr>\n<td>16<\/td>\n<td>Dinh d\u01b0\u1ee1ng \u0111\u1ed9ng v\u1eadt<br \/>\n<em>Animal Nutrition<\/em><\/td>\n<td>Khoa CN-TY<br \/>\n<em>Fac. Ani Sci &amp; Vet Med<\/em><\/td>\n<td>\u2013 D\u01b0\u01a1ng Duy \u0110\u1ed3ng (PhD)<br \/>\n\u2013 Nguy\u00ea\u0303n Quang Thi\u00ea\u0323u (PhD)<br \/>\n\u2013 Nguy\u1ec5n Thu\u1ef5 \u0110oan Trang<br \/>\n\u2013 Nguy\u1ec5n V\u0103n Hi\u1ec7p- Ng\u00f4 H\u1ed3ng<br \/>\nPh\u01b0\u1ee3ng<br \/>\n\u2013 L\u00ea Minh H\u1ed3ng Anh (MSc)<\/td>\n<\/tr>\n<tr>\n<td>17<\/td>\n<td>Nguy\u00ean l\u00fd b\u1ec7nh I<br \/>\n<em>Principles of Disease I<\/em><\/td>\n<td>Khoa CN-TY<br \/>\n<em>Fac. Ani Sci &amp; Vet Med<\/em><\/td>\n<td>\u2013 L\u00ea Thanh Hi\u1ec1n (PhD)<br \/>\n\u2013\u00a0Asso. Prof. L\u00e2m Th\u1ecb Thu H\u01b0\u01a1ng (PhD)<br \/>\n\u2013 Dr. H\u1ed3 Th\u1ecb Kim Hoa<\/td>\n<\/tr>\n<tr>\n<td>18<\/td>\n<td>Nguy\u00ean l\u00fd b\u1ec7nh II<br \/>\n<em>Principles of Disease II<\/em><\/td>\n<td>Khoa CN-TY<br \/>\n<em>Fac. Ani Sci &amp; Vet Med<\/em><\/td>\n<td>\u2013 Asso. Prof. L\u00e2m Th\u1ecb Thu H\u01b0\u01a1ng (PhD)<br \/>\n\u2013 \u0110\u01b0\u1eddng Chi Mai (PhD Candidate)<br \/>\n\u2013 V\u00f5 Th\u1ecb Tr\u00e0 An (PhD)<br \/>\n\u2013 V\u00f5 T\u1ea5n \u0110\u1ea1i<br \/>\n\u2013 \u0110\u1ed7 Ti\u1ebfn Duy<\/td>\n<\/tr>\n<tr>\n<td>19<\/td>\n<td>C\u01a1 th\u1ec3 h\u1ecdc &amp; sinh l\u00fd I<br \/>\n<em>Structure and Function I<\/em><\/td>\n<td>Khoa CN-TY<br \/>\n<em>Fac. Ani Sci &amp; Vet Med<\/em><\/td>\n<td>\u2013 Asso. Prof. Tr\u1ea7n Th\u1ecb D\u00e2n (PhD)<br \/>\n\u2013 L\u00ea Quang Th\u00f4ng (PhD)<br \/>\n\u2013 Asso. Prof. D\u01b0\u01a1ng Nguy\u00ean Khang (PhD)<br \/>\n\u2013 Nguy\u1ec5n Ki\u00ean C\u01b0\u1eddng (MSc)<\/td>\n<\/tr>\n<tr>\n<td>20<\/td>\n<td>C\u01a1 th\u1ec3 h\u1ecdc &amp; sinh l\u00fd II<br \/>\n<em>Structure and Function II<\/em><\/td>\n<td>Khoa CN-TY<br \/>\n<em>Fac. Ani Sci &amp; Vet Med<\/em><\/td>\n<td>\u2013 Asso. Prof. Tr\u1ea7n Th\u1ecb D\u00e2n (PhD)<br \/>\n\u2013 L\u00ea Quang Th\u00f4ng (PhD)<br \/>\n\u2013 Asso. Prof. D\u01b0\u01a1ng Nguy\u00ean Khang (PhD)<br \/>\n\u2013 Nguy\u1ec5n Ki\u00ean C\u01b0\u1eddng<\/td>\n<\/tr>\n<tr>\n<td>21<\/td>\n<td>Di truy\u1ec1n ph\u00e2n t\u1eed &amp; c\u00f4ng t\u00e1c gi\u1ed1ng \u0111\u1ed9ng v\u1eadt<br \/>\n<em>Animal Breeding &amp; Molecular Genetics<\/em><\/td>\n<td>\u2013 Khoa CN-TY<br \/>\n<em>Fac. Ani Sci &amp; Vet Med<\/em><em>\u2013 Visiting lecturer (UQ)<\/em><\/td>\n<td>\u2013 Nguy\u1ec5n Ti\u1ebfn Th\u00e0nh (PhD)<br \/>\n\u2013 Qu\u00e1ch Tuy\u1ebft Anh (MSc)<br \/>\n\u2013 B\u00f9i Th\u1ecb Tr\u00e0 My (MSc)<\/td>\n<\/tr>\n<tr>\n<td>22<\/td>\n<td>Sinh s\u1ea3n \u0111\u1ed9ng v\u1eadt<br \/>\n<em>Veterinary Reproduction &amp; Obstetrics<\/em><\/td>\n<td>Khoa CN-TY<br \/>\n<em>Fac. Ani Sci &amp; Vet Med<\/em><\/td>\n<td>\u2013 V\u00f5 T\u1ea5n \u0110\u1ea1i (PhD Candidate)<br \/>\n\u2013 Qu\u00e1ch Tuy\u1ebft Anh (MSc)<\/td>\n<\/tr>\n<tr>\n<td>23<\/td>\n<td>H\u1ec7 th\u1ed1ng Ch\u0103n nu\u00f4i<br \/>\n<em>Animal Production Systems and Welfare<\/em><\/td>\n<td>Khoa CN-TY<br \/>\n<em>Fac. Ani Sci &amp; Vet Med<\/em><\/td>\n<td>\u2013 Nguy\u1ec5n Quang Thi\u1ec7u (PhD)<br \/>\n\u2013 Ng\u00f4 V\u0103n M\u1eadn (PhD)<br \/>\n\u2013 Nguy\u1ec5n V\u0103n H\u1ea3o (MSc)<br \/>\n\u2013 Hu\u1ef3nh Th\u1ecb Thanh Th\u1ee7y (PhD)<\/td>\n<\/tr>\n<tr>\n<td>24<\/td>\n<td>B\u1ec7nh truy\u1ec1n nhi\u1ec5m I<br \/>\n<em>Infectious Diseases I<\/em><\/td>\n<td>Khoa CN-TY<br \/>\n<em>Fac. Ani Sci &amp; Vet Med<\/em><\/td>\n<td>\u2013 L\u00ea Thanh Hi\u1ec1n (PhD)<br \/>\n\u2013 Nguy\u1ec5n T\u1ea5t To\u00e0n (PhD)<br \/>\n\u2013 Tr\u1ea7n Thanh Phong (MSc)<br \/>\n\u2013 Asso. Prof. Nguy\u1ec5n Ng\u1ecdc H\u1ea3i (PhD)<br \/>\n\u2013 Nguy\u1ec5n Th\u1ecb Ph\u01b0\u1edbc Ninh (PhD)<\/td>\n<\/tr>\n<tr>\n<td>25<\/td>\n<td>Nguy\u00ean l\u00fd sinh b\u1ec7nh h\u1ecdc, d\u01b0\u1ee3c l\u00fd v\u00e0 ch\u1ea9n \u0111o\u00e1n l\u00e2m s\u00e0ng I<br \/>\n<em>Pathophysiology, Pharmacological &amp;<br \/>\nClinical Principles Used in Diagnosis of Diseases in BodySyst. I<\/em><\/td>\n<td>Khoa CN-TY<br \/>\n<em>Fac. Ani Sci &amp; Vet Med<\/em><\/td>\n<td>\u2013 V\u00f5 Th\u1ecb Tr\u00e0 An (PhD)<br \/>\n\u2013 Asso. Prof. L\u00e2m Th\u1ecb Thu H\u01b0\u01a1ng (PhD)<br \/>\n\u2013 \u0110\u01b0\u1eddng Chi Mai (PhD Candidate)<br \/>\n\u2013 Nguy\u1ec5n V\u0103n<br \/>\nNgh\u0129a (PhD)<br \/>\n\u2013 Nguy\u1ec5n T\u1ea5t To\u00e0n<br \/>\n\u2013 V\u00f5 T\u1ea5n \u0110\u1ea1i<\/td>\n<\/tr>\n<tr>\n<td>26<\/td>\n<td>L\u00e2m s\u00e0ng h\u1ecdc th\u00fa n\u00f4ng nghi\u1ec7p I<br \/>\n<em>Livestock Clinical Studies I<\/em><\/td>\n<td>Khoa CN-TY<br \/>\n<em>Fac. Ani Sci &amp; Vet Med<\/em><\/td>\n<td>\u2013 Nguy\u1ec5n T\u1ea5t To\u00e0n (PhD)<br \/>\n\u2013 L\u00ea Thanh Hi\u1ec1n (PhD)<br \/>\n\u2013 V\u00f5 T\u1ea5n \u0110\u1ea1i (PhD)- Nguy\u1ec5n Th\u1ecb Ph\u01b0\u1edbc Ninh (PhD)<br \/>\n\u2013 Nguy\u1ec5n Th\u1ecb Thu N\u0103m<\/td>\n<\/tr>\n<tr>\n<td>27<\/td>\n<td>B\u1ec7nh truy\u1ec1n nhi\u1ec5m II<br \/>\n<em>Infectious Diseases II<\/em><\/td>\n<td>Khoa CN-TY<br \/>\n<em>Fac. Ani Sci &amp; Vet Med<\/em><\/td>\n<td>\u2013 L\u00ea Thanh Hi\u1ec1n- Nguy\u1ec5n T\u1ea5t To\u00e0n (PhD)<br \/>\n\u2013 Tr\u1ea7n Thanh Phong (MSc)<br \/>\n\u2013 Asso. Prof. Nguy\u1ec5n Ng\u1ecdc H\u1ea3i (PhD)<br \/>\n\u2013 Nguy\u1ec5n Th\u1ecb Ph\u01b0\u1edbc Ninh (PhD)<\/td>\n<\/tr>\n<tr>\n<td>28<\/td>\n<td>Nguy\u00ean l\u00fd sinh b\u1ec7nh h\u1ecdc, d\u01b0\u1ee3c l\u00fd v\u00e0 ch\u1ea9n \u0111o\u00e1n l\u00e2m s\u00e0ng II<br \/>\n<em>Pathophysiology, Pharmacological &amp;<br \/>\nClinical Principles Used in Diagnosis of Diseases in BodySyst. II<\/em><\/td>\n<td>Khoa CN-TY<br \/>\n<em>Fac. Ani Sci &amp; Vet Med<\/em><\/td>\n<td>\u2013 V\u00f5 Th\u1ecb Tr\u00e0 An (PhD)<br \/>\n\u2013 Asso. Prof. L\u00e2m Th\u1ecb Thu H\u01b0\u01a1ng (PhD)<br \/>\n\u2013 \u0110\u01b0\u1eddng Chi Mai (PhD Candidate)<br \/>\n\u2013 Nguy\u1ec5n V\u0103n<br \/>\nNgh\u0129a (PhD)<br \/>\n\u2013 V\u00f5 T\u1ea5n \u0110\u1ea1i<br \/>\n\u2013 Nguy\u1ec5n T\u1ea5t To\u00e0n<\/td>\n<\/tr>\n<tr>\n<td>29<\/td>\n<td>L\u00e2m s\u00e0ng h\u1ecdc Th\u00fa Nu\u00f4i nh\u00e0 I<br \/>\n<em>Companion Animal Clinical Studies I<\/em><\/td>\n<td>Khoa CN-TY<br \/>\n<em>Fac. Ani Sci &amp; Vet Med<\/em><em>\u00a0<\/em><em>\u2013 Visiting<br \/>\nlecturer\u00a0<\/em><em>(<\/em><em>Lyon<\/em><em>\u00a0University<\/em><em>)<\/em><\/td>\n<td>\u2013 V\u00f5 T\u1ea5n \u0110\u1ea1i (PhD)<br \/>\n\u2013 Nguy\u1ec5n V\u0103n Ngh\u0129a (PhD)<br \/>\n\u2013 L\u00ea Quang Th\u00f4ng (PhD)<\/td>\n<\/tr>\n<tr>\n<td>30<\/td>\n<td>Nguy\u00ean l\u00fd Th\u1ef1c h\u00e0nh L\u00e2m s\u00e0ng<br \/>\n<em>Principles of Clinical Practice<\/em><\/td>\n<td>Khoa CN-TY<br \/>\n<em>Fac. Ani Sci &amp; Vet Med<\/em><\/td>\n<td>\u2013 V\u00f5 T\u1ea5n \u0110\u1ea1i (PhD)<br \/>\n\u2013 Nguy\u1ec5n T\u1ea5t To\u00e0n<br \/>\n\u2013 V\u00f5 Th\u1ecb Tr\u00e0 An<\/td>\n<\/tr>\n<tr>\n<td>31<\/td>\n<td>L\u00e2m s\u00e0ng h\u1ecdc Th\u00fa nu\u00f4i nh\u00e0 II<br \/>\n<em>Companion Animal Clinical Studies I<\/em><\/td>\n<td>Khoa CN-TY<br \/>\n<em>Fac. Ani Sci &amp; Vet Med<\/em><em>\u00a0<\/em><em>\u2013 Visiting lecturer (Lyon University)<\/em><\/td>\n<td>\u2013 L\u00ea Quang Th\u00f4ng (PhD)<br \/>\n\u2013 V\u00f5 T\u1ea5n \u0110\u1ea1i (PhD)<br \/>\n\u2013 Nguy\u1ec5n V\u0103n Ngh\u0129a (PhD)<br \/>\n\u2013 B\u00f9i Ng\u1ecdc Th\u00fay Linh<\/td>\n<\/tr>\n<tr>\n<td>32<\/td>\n<td>L\u00e2m s\u00e0ng h\u1ecdc Th\u00fa n\u00f4ng nghi\u1ec7p II<br \/>\n<em>Livestock Clinical Studies II<\/em><\/td>\n<td>Khoa CN-TY<br \/>\n<em>Fac. Ani Sci &amp; Vet Med<\/em><\/td>\n<td>\u2013 Nguy\u1ec5n T\u1ea5t To\u00e0n (PhD)<br \/>\n\u2013 L\u00ea Thanh Hi\u1ec1n (PhD)<br \/>\n\u2013 V\u00f5 T\u1ea5n \u0110\u1ea1i (PhD)<br \/>\n\u2013 Nguy\u1ec5n Ph\u01b0\u1edbc Ninh (PhD)<br \/>\n\u2013 Nguy\u1ec5n Th\u1ecb Thu N\u0103m<\/td>\n<\/tr>\n<tr>\n<td>33<\/td>\n<td>Th\u00fa y trong Ch\u0103n nu\u00f4i c\u00f4ng nghi\u1ec7p<br \/>\n<em>Intensive Livestock Medicine<\/em><\/td>\n<td>Khoa CN-TY<br \/>\n<em>Fac. Ani Sci &amp; Vet Med<\/em><em>\u2013 Visiting lecturer (UQ)<\/em><\/td>\n<td>\u2013 V\u00f5 Th\u1ecb Tr\u00e0 An (PhD)<br \/>\n\u2013 Nguy\u1ec5n \u0110\u00ecnh Qu\u00e1t (PhD)<\/td>\n<\/tr>\n<tr>\n<td>34<\/td>\n<td>K\u1ef7 n\u0103ng ngh\u1ec1 nghi\u1ec7p Th\u00fa y<br \/>\n<em>Practice Management &amp; Professional Life<\/em><\/td>\n<td>Khoa CN-TY<br \/>\n<em>Fac. Ani Sci &amp; Vet Med<\/em><\/td>\n<td>\u2013 Nguy\u1ec5n \u0110\u00ecnh Qu\u00e1t (PhD)<\/td>\n<\/tr>\n<tr>\n<td>35<\/td>\n<td>Th\u00fa y &amp; S\u1ee9c kh\u1ecfe C\u1ed9ng \u0111\u1ed3ng<br \/>\n<em>Veterinary Public Health<\/em><\/td>\n<td>Khoa CN-TY<br \/>\n<em>Fac. Ani Sci &amp; Vet Med<\/em><\/td>\n<td>\u2013 H\u1ed3 Th\u1ecb Kim Hoa (PhD)<br \/>\n\u2013 L\u00ea Thanh Hi\u1ec1n (PhD)<\/td>\n<\/tr>\n<tr>\n<td>36<\/td>\n<td>Th\u1ef1c h\u00e0nh L\u00e2m s\u00e0ng Th\u00fa nu\u00f4i nh\u00e0<br \/>\n<em>Companion Animal Clinics<\/em><\/td>\n<td>Khoa CN-TY<br \/>\n<em>Fac. Ani Sci &amp; Vet Med<\/em><\/td>\n<td>\u2013 V\u00f5 T\u1ea5n \u0110\u1ea1i (PhD)<br \/>\n\u2013 Nguy\u1ec5n V\u0103n Ngh\u0129a (PhD)<br \/>\n\u2013 L\u00ea Quang Th\u00f4ng (PhD)<br \/>\n\u2013 Tr\u1ecbnh Th\u1ecb C\u1ea9m V\u00e2n (MSc.)<\/td>\n<\/tr>\n<tr>\n<td>37<\/td>\n<td>Th\u1ef1c h\u00e0nh L\u00e2m s\u00e0ng Th\u00fa n\u00f4ng nghi\u1ec7p<br \/>\n<em>Livestock Veterinary Practice<\/em><\/td>\n<td>Khoa CN-TY<br \/>\n<em>Fac. Ani Sci &amp; Vet Med<\/em><\/td>\n<td>\u2013 Nguy\u1ec5n \u0110\u00ecnh Qu\u00e1t (PhD)<br \/>\n\u2013 Nguy\u1ec5n T\u1ea5t To\u00e0n (PhD)<br \/>\n\u2013 V\u00f5 T\u1ea5n \u0110\u1ea1i (PhD)<br \/>\n\u2013 Nguy\u1ec5n Th\u1ecb Ph\u01b0\u1edbc Ninh (PhD)<\/td>\n<\/tr>\n<tr>\n<td>38<\/td>\n<td>Th\u1ed1ng k\u00ea sinh h\u1ecdc<br \/>\n<em>Biostatistics<\/em><\/td>\n<td>Khoa CN-TY<br \/>\n<em>Fac. Ani Sci &amp; Vet Med<\/em><\/td>\n<td>\u2013 L\u00ea Thanh Hi\u1ec1n\u00a0(PhD Candidate)<br \/>\n\u2013 Asso. Prof. Tr\u1ecbnh C\u00f4ng Th\u00e0nh (PhD)<br \/>\n\u2013 Nguy\u1ec5n Ti\u1ebfn Th\u00e0nh (PhD)<\/td>\n<\/tr>\n<tr>\n<td>39<\/td>\n<td>K\u1ef9 thu\u1eadt DNA &amp; Protein<br \/>\n<em>DNA &amp; Protein Technology<\/em><\/td>\n<td>Khoa CN-TY<br \/>\n<em>Fac. Ani Sci &amp; Vet Med<\/em><em>\u00a0<\/em><em>\u00a0<\/em><em>\u2013 Visiting lecturer (UQ)<\/em><\/td>\n<td>\u2013 Nguy\u1ec5n \u0110\u00ecnh Qu\u00e1t (PhD)<br \/>\n\u2013 Nguy\u1ec5n Thanh B\u00ecnh (PhD)<br \/>\n\u2013\u00a0Asso. Prof.\u00a0Nguy\u1ec5n Ng\u1ecdc H\u1ea3i (PhD)<br \/>\n\u2013 Ch\u1ebf Minh T\u00f9ng (PhD)<\/td>\n<\/tr>\n<tr>\n<td>40<\/td>\n<td>C\u01a1 Ch\u1ebf Ph\u00e2n t\u1eed c\u1ee7a s\u1ef1 ph\u00e1t tri\u1ec3n<br \/>\n<em>Molecular Mechanisms of Development<\/em><\/td>\n<td>Khoa CN-TY<br \/>\n<em>Fac. Ani Sci &amp; Vet Med<\/em><\/td>\n<td>\u2013 Asso. Prof. Tr\u1ea7n Th\u1ecb D\u00e2n (PhD)<br \/>\n\u2013 Nguy\u1ec5n Thanh B\u00ecnh (PhD)<\/td>\n<\/tr>\n<tr>\n<td>41<\/td>\n<td>Qu\u1ea3n tr\u1ecb kinh doanh<br \/>\n<em>Business Management in the Livestock Production &amp; Feed Industry<\/em><\/td>\n<td>Visiting Lecturer<\/td>\n<td>\u2013 Nguy\u1ec5n Th\u1ecb \u00dd Th\u01a1 (MSc)<br \/>\n\u2013 Asso. Prof. D\u01b0\u01a1ng Nguy\u00ean Khang (PhD)<\/td>\n<\/tr>\n<tr>\n<td>42<\/td>\n<td>B\u1ea3o t\u1ed3n \u0111\u1ed9ng v\u1eadt hoang d\u00e3<br \/>\n<em>Conservation &amp; Wildlife Biology<\/em><\/td>\n<td>Khoa CN-TY<br \/>\n<em>Fac. Ani Sci &amp; Vet Med<\/em><em>\u2013 Visiting lecturer (UQ)<\/em><\/td>\n<td>\u2013 Ch\u1ebf Minh T\u00f9ng (MSc)<br \/>\n\u2013 Nguy\u1ec5n Thanh B\u00ecnh (PhD)<br \/>\n\u2013 Nguy\u1ec5n V\u0103n Ngh\u0129a (PhD)<\/td>\n<\/tr>\n<tr>\n<td>43<\/td>\n<td>\u0110a d\u1ea1ng vi sinh v\u1eadt v\u00e0 K\u1ef9 thu\u1eadt sinh h\u1ecdc<br \/>\n<em>Microbial Diversity &amp; Biotechnology<\/em><\/td>\n<td>Khoa CN-TY<br \/>\n<em>Fac. Ani Sci &amp; Vet Med<\/em><em>\u2013 Visiting lecturer (UQ)<\/em><\/td>\n<td>\u2013 H\u1ed3 Th\u1ecb Kim Hoa (PhD)<\/td>\n<\/tr>\n<tr>\n<td>44<\/td>\n<td>Qu\u1ea3n l\u00fd Nh\u00e2n s\u1ef1 nh\u1eadp m\u00f4n<br \/>\n<em>Introduction to Human Resource Management<\/em><\/td>\n<td>Visiting Lecturer<\/td>\n<td>\u2013 Nguy\u1ec5n Minh Quang (MBA)<\/td>\n<\/tr>\n<tr>\n<td>45<\/td>\n<td>Ti\u1ebfp th\u1ecb trong N\u00f4ng nghi\u1ec7p &amp; Th\u1ef1c ph\u1ea9m<br \/>\n<em>Agriculture &amp; Food Industry Marketing<\/em><\/td>\n<td>\u2013\u00a0Visiting Lecturer<br \/>\n\u2013 Khoa CN-TY<br \/>\n<em>Fac. Ani Sci &amp; Vet Med<\/em><\/td>\n<td>\u2013 Nguy\u1ec5n Th\u1ecb \u00dd Th\u01a1 (MSc)<br \/>\n\u2013\u00a0D\u01b0\u01a1ng Duy \u0110\u1ed3ng\u00a0(PhD)<br \/>\n\u2013\u00a0Nguy\u1ec5n Quang Thi\u1ec7u\u00a0(PhD)<\/td>\n<\/tr>\n<tr>\n<td>46<\/td>\n<td>\u0110\u1ec1 t\u00e0i t\u1ed1t nghi\u1ec7p<\/td>\n<td>Khoa CN-TY<br \/>\n<em>Fac. Ani Sci &amp; Vet Med<\/em><\/td>\n<td>&nbsp;<\/td>\n<\/tr>\n<\/tbody>\n<\/table>\n<p>&nbsp;<\/p>\n<h2>Vietnamese Lecturer<\/h2>\n<table>\n<tbody>\n<tr>\n<td><strong>STT<\/strong><\/td>\n<td><strong>H\u1ecd v\u00e0<\/strong><\/td>\n<td><strong>T\u00ean<\/strong><\/td>\n<td><strong>B\u1eb1ng c\u1ea5p<\/strong><\/td>\n<td><strong>T\u1ed1t nghi\u1ec7p t\u1eeb<\/strong><\/td>\n<\/tr>\n<tr>\n<td>1<\/td>\n<td>V\u00f5 Th\u1ecb Tr\u00e0<\/td>\n<td>An<\/td>\n<td>PGS. TS<\/td>\n<td>H\u00e0 Lan<\/td>\n<\/tr>\n<tr>\n<td>2<\/td>\n<td>Qu\u00e1ch Tuy\u1ebft<\/td>\n<td>Anh<\/td>\n<td>TS<\/td>\n<td>Canada<\/td>\n<\/tr>\n<tr>\n<td>3<\/td>\n<td>V\u00f5 T\u1ea5n<\/td>\n<td>\u0110\u1ea1i<\/td>\n<td>PGS. TS<\/td>\n<td>M\u1ef9<\/td>\n<\/tr>\n<tr>\n<td>4<\/td>\n<td>Tr\u1ea7n Th\u1ecb<\/td>\n<td>D\u00e2n<\/td>\n<td>PGS. TS<\/td>\n<td>M\u1ef9<\/td>\n<\/tr>\n<tr>\n<td>5<\/td>\n<td>Nguy\u1ec5n Ng\u1ecdc<\/td>\n<td>H\u1ea3i<\/td>\n<td>PGS. TS<\/td>\n<td>Ph\u00e1p<\/td>\n<\/tr>\n<tr>\n<td>6<\/td>\n<td>L\u00ea Thanh<\/td>\n<td>Hi\u1ec1n<\/td>\n<td>PGS. TS<\/td>\n<td>M\u1ef9, Canada<\/td>\n<\/tr>\n<tr>\n<td>7<\/td>\n<td>H\u1ed3 Th\u1ecb Kim<\/td>\n<td>Hoa<\/td>\n<td>PGS. TS<\/td>\n<td>Australia, H\u00e0 lan<\/td>\n<\/tr>\n<tr>\n<td>8<\/td>\n<td>L\u00e2m Th\u1ecb Thu<\/td>\n<td>H\u01b0\u01a1ng<\/td>\n<td>PGS. TS<\/td>\n<td>Thu\u1ef5 \u0110i\u1ec3n<\/td>\n<\/tr>\n<tr>\n<td>9<\/td>\n<td>D\u01b0\u01a1ng Nguy\u00ean<\/td>\n<td>Khang<\/td>\n<td>GS. TS<\/td>\n<td>Thu\u1ef5 \u0110i\u1ec3n<\/td>\n<\/tr>\n<tr>\n<td>10<\/td>\n<td>\u0110\u01b0\u1eddng Chi<\/td>\n<td>Mai<\/td>\n<td>TS<\/td>\n<td>Thu\u1ef5 \u0111i\u1ec3n, Australia<\/td>\n<\/tr>\n<tr>\n<td>11<\/td>\n<td>Nguy\u1ec5n Th\u1ecb Ph\u01b0\u1edbc<\/td>\n<td>Ninh<\/td>\n<td>TS<\/td>\n<td>Vi\u1ec7t nam<\/td>\n<\/tr>\n<tr>\n<td>12<\/td>\n<td>Nguy\u1ec5n \u0110\u00ecnh<\/td>\n<td>Qu\u00e1t<\/td>\n<td>TS<\/td>\n<td>H\u00e0n qu\u1ed1c<\/td>\n<\/tr>\n<tr>\n<td>13<\/td>\n<td>Nguy\u1ec5n Ti\u1ebfn<\/td>\n<td>Th\u00e0nh<\/td>\n<td>TS<\/td>\n<td>Malaysia<\/td>\n<\/tr>\n<tr>\n<td>14<\/td>\n<td>Nguy\u1ec5n Quang<\/td>\n<td>Thi\u1ec7u<\/td>\n<td>\u00a0PGS. TS<\/td>\n<td>Th\u1ee5y \u0110i\u1ec3n<\/td>\n<\/tr>\n<tr>\n<td>15<\/td>\n<td>Nguy\u1ec5n Th\u1ecb \u00dd<\/td>\n<td>Th\u01a1<\/td>\n<td>ThS<\/td>\n<td>Ireland<\/td>\n<\/tr>\n<tr>\n<td>16<\/td>\n<td>L\u00ea Quang<\/td>\n<td>Th\u00f4ng<\/td>\n<td>PGS. TS<\/td>\n<td>Ph\u00e1p<\/td>\n<\/tr>\n<tr>\n<td>17<\/td>\n<td>Nguy\u1ec5n T\u1ea5t<\/td>\n<td>To\u00e0n<\/td>\n<td>PGS. TS<\/td>\n<td>Philippines, H\u00e0n qu\u1ed1c<\/td>\n<\/tr>\n<tr>\n<td>18<\/td>\n<td>Ch\u1ebf Minh<\/td>\n<td>T\u00f9ng<\/td>\n<td>PGS. TS<\/td>\n<td>M\u1ef9<\/td>\n<\/tr>\n<\/tbody>\n<\/table>\n<p>&nbsp;<\/p>\n<h2>Foreign Lecturer<\/h2>\n<table>\n<tbody>\n<tr>\n<td><strong>STT<\/strong><\/td>\n<td><strong>Gi\u1ea3ng vi\u00ean<\/strong><\/td>\n<td><strong>Tr\u01b0\u1eddng<\/strong><\/td>\n<\/tr>\n<tr>\n<td>1<\/td>\n<td>Prof. Jonathan Hill<\/td>\n<td>University of Queensland<\/td>\n<\/tr>\n<tr>\n<td>2<\/td>\n<td>Dr. Glen Coleman<\/td>\n<td>University of Queensland<\/td>\n<\/tr>\n<tr>\n<td>3<\/td>\n<td>Prof. Paul Mills<\/td>\n<td>University of Queensland<\/td>\n<\/tr>\n<tr>\n<td>4<\/td>\n<td>Dr Helle Bielefeldt-Ohmann<\/td>\n<td>University of Queensland<\/td>\n<\/tr>\n<tr>\n<td>5<\/td>\n<td>Dr. Ristan Greer<\/td>\n<td>University of Queensland<\/td>\n<\/tr>\n<tr>\n<td>6<\/td>\n<td>Dr Jennifer Seddon<\/td>\n<td>University of Queensland<\/td>\n<\/tr>\n<tr>\n<td>7<\/td>\n<td>Dr. Gry Boe-Hansen<\/td>\n<td>University of Queensland<\/td>\n<\/tr>\n<tr>\n<td>8<\/td>\n<td>Mr. Kit Parke<\/td>\n<td>University of Queensland<\/td>\n<\/tr>\n<tr>\n<td>9<\/td>\n<td>Prof. Joanne Meers<\/td>\n<td>University of Queensland<\/td>\n<\/tr>\n<tr>\n<td>10<\/td>\n<td>Prof. Malcolm Jones<\/td>\n<td>University of Queensland<\/td>\n<\/tr>\n<tr>\n<td>11<\/td>\n<td>Dr. John Wright<\/td>\n<td>University of Queensland<\/td>\n<\/tr>\n<tr>\n<td>12<\/td>\n<td>Dr. Karen Harper<\/td>\n<td>University of Queensland<\/td>\n<\/tr>\n<tr>\n<td>13<\/td>\n<td>Prof. Chiara Palmieri<\/td>\n<td>University of Queensland<\/td>\n<\/tr>\n<tr>\n<td>14<\/td>\n<td>Dr. Carolyn Cluderay<\/td>\n<td>University of Queensland<\/td>\n<\/tr>\n<tr>\n<td>15<\/td>\n<td>Mr. Philip Chamberlain<\/td>\n<td>University of Queensland<\/td>\n<\/tr>\n<tr>\n<td>16<\/td>\n<td>Dr. Helen Keates<\/td>\n<td>University of Queensland<\/td>\n<\/tr>\n<tr>\n<td>17<\/td>\n<td>Dr. Claire Underwood<\/td>\n<td>University of Queensland<\/td>\n<\/tr>\n<tr>\n<td>18<\/td>\n<td>Dr. Shaniko Shini<\/td>\n<td>University of Queensland<\/td>\n<\/tr>\n<tr>\n<td>19<\/td>\n<td>Prof. Jean-Pierre Genevois<\/td>\n<td>University of Lyon<\/td>\n<\/tr>\n<tr>\n<td>20<\/td>\n<td>Prof. Luc Chabanne<\/td>\n<td>University of Lyon<\/td>\n<\/tr>\n<tr>\n<td>21<\/td>\n<td>Dr. Vanessa Louzier<\/td>\n<td>University of Lyon<\/td>\n<\/tr>\n<tr>\n<td>22<\/td>\n<td>Dr. Thierry\u00a0Duronfosse<\/td>\n<td>University of Lyon<\/td>\n<\/tr>\n<tr>\n<td>23<\/td>\n<td>Dr. Judy Seton<\/td>\n<td>University of Lyon<\/td>\n<\/tr>\n<tr>\n<td>24<\/td>\n<td>Prof. Angeli Kodjo<\/td>\n<td>University of Lyon<\/td>\n<\/tr>\n<\/tbody>\n<\/table>\n","protected":false},"excerpt":{"rendered":"<p>Teaching Assignment (tentative) STT(No) T\u00ean h\u1ecdc h\u1ecdc ph\u1ea7n (Courses) \u0110\u01a1n v\u1ecb (Faculty) Gi\u1ea3ng vi\u00ean (Lecturers) 1 Anh v\u0103n General English Khoa Ng\u1ecdai ng\u1eef Fac. foreign Languages SEAMEO &nbsp; 2 Anh v\u0103n chuy\u00ean ng\u00e0nh English for Veterinary Medicine Khoa CN-TY Fac. Ani Sci &amp; Vet Med \u2013 Ch\u1ebf Minh T\u00f9ng (PhD) \u2013 L\u00e2m Th\u1ecb Thu H\u01b0\u01a1ng [&hellip;]<\/p>\n","protected":false},"author":1,"featured_media":0,"parent":32,"menu_order":0,"comment_status":"closed","ping_status":"closed","template":"","meta":[],"_links":{"self":[{"href":"https:\/\/cnty.hcmuaf.edu.vn\/advet\/wp-json\/wp\/v2\/pages\/45"}],"collection":[{"href":"https:\/\/cnty.hcmuaf.edu.vn\/advet\/wp-json\/wp\/v2\/pages"}],"about":[{"href":"https:\/\/cnty.hcmuaf.edu.vn\/advet\/wp-json\/wp\/v2\/types\/page"}],"author":[{"embeddable":true,"href":"https:\/\/cnty.hcmuaf.edu.vn\/advet\/wp-json\/wp\/v2\/users\/1"}],"replies":[{"embeddable":true,"href":"https:\/\/cnty.hcmuaf.edu.vn\/advet\/wp-json\/wp\/v2\/comments?post=45"}],"version-history":[{"count":0,"href":"https:\/\/cnty.hcmuaf.edu.vn\/advet\/wp-json\/wp\/v2\/pages\/45\/revisions"}],"up":[{"embeddable":true,"href":"https:\/\/cnty.hcmuaf.edu.vn\/advet\/wp-json\/wp\/v2\/pages\/32"}],"wp:attachment":[{"href":"https:\/\/cnty.hcmuaf.edu.vn\/advet\/wp-json\/wp\/v2\/media?parent=45"}],"curies":[{"name":"wp","href":"https:\/\/api.w.org\/{rel}","templated":true}]}}