{"id":109,"date":"2021-08-05T03:29:55","date_gmt":"2021-08-04T20:29:55","guid":{"rendered":"https:\/\/cnty.hcmuaf.edu.vn\/advet\/?page_id=109"},"modified":"2021-08-05T03:29:55","modified_gmt":"2021-08-04T20:29:55","slug":"de-cuong-mon-hoc","status":"publish","type":"page","link":"https:\/\/cnty.hcmuaf.edu.vn\/advet\/dao-tao\/de-cuong-mon-hoc","title":{"rendered":"\u0110\u1ec1 c\u01b0\u01a1ng m\u00f4n h\u1ecdc"},"content":{"rendered":"<h2>C\u00e1c m\u00f4n h\u1ecdc trong ch\u01b0\u01a1ng tr\u00ecnh \u0111\u00e0o t\u1ea1o<\/h2>\n<table border=\"1\" width=\"100%\" cellspacing=\"0\" cellpadding=\"0\">\n<tbody>\n<tr>\n<td colspan=\"3\" width=\"100%\">\n<div><b>Year 1<\/b><\/div>\n<\/td>\n<\/tr>\n<tr>\n<td width=\"15%\">\n<div align=\"center\"><b>Course Code<\/b><\/div>\n<\/td>\n<td width=\"8%\">\n<div align=\"center\"><b>Units<\/b><\/div>\n<\/td>\n<td width=\"75%\">\n<div align=\"center\"><b>Course Title<\/b><\/div>\n<\/td>\n<\/tr>\n<tr>\n<td valign=\"top\" width=\"15%\">\n<div align=\"center\">\u00a0<\/div>\n<\/td>\n<td valign=\"top\" width=\"8%\">\n<div align=\"center\">15<\/div>\n<\/td>\n<td valign=\"top\" width=\"75%\">\n<div>Anh v\u0103n 1 (General English 1)<\/div>\n<\/td>\n<\/tr>\n<tr>\n<td valign=\"top\" width=\"15%\">\n<div align=\"center\">\u00a0<\/div>\n<\/td>\n<td valign=\"top\" width=\"8%\">\n<div align=\"center\">3<\/div>\n<\/td>\n<td valign=\"top\" width=\"75%\">\n<div>Anh v\u0103n chuy\u00ean ng\u00e0nh I (English for Veterinary Medicine I)<\/div>\n<\/td>\n<\/tr>\n<tr>\n<td valign=\"top\" width=\"15%\">\n<div align=\"center\">\u00a0<\/div>\n<\/td>\n<td valign=\"top\" width=\"8%\">\n<div align=\"center\">1<\/div>\n<\/td>\n<td valign=\"top\" width=\"75%\">\n<div>Th\u1ec3 d\u1ee5c (Physical training) I<\/div>\n<\/td>\n<\/tr>\n<tr>\n<td valign=\"top\" width=\"15%\">\n<div align=\"center\">\u00a0<\/div>\n<\/td>\n<td valign=\"top\" width=\"8%\">\n<div align=\"center\">5<\/div>\n<\/td>\n<td valign=\"top\" width=\"75%\">\n<div>Anh v\u0103n 2 (General English 2)<\/div>\n<\/td>\n<\/tr>\n<tr>\n<td valign=\"top\" width=\"15%\">\n<div align=\"center\">\u00a0<\/div>\n<\/td>\n<td valign=\"top\" width=\"8%\">\n<div align=\"center\">3<\/div>\n<\/td>\n<td valign=\"top\" width=\"75%\">\n<div>Anh v\u0103n chuy\u00ean ng\u00e0nh II (English for Veterinary Medicin II)<\/div>\n<\/td>\n<\/tr>\n<tr>\n<td valign=\"top\" width=\"15%\">\n<div align=\"center\">\u00a0<\/div>\n<\/td>\n<td valign=\"top\" width=\"8%\">\n<div align=\"center\">5<\/div>\n<\/td>\n<td valign=\"top\" width=\"75%\">\n<div>C\u00e1c nguy\u00ean l\u00fd c\u01a1 b\u1ea3n c\u1ee7a Ch\u1ee7 ngh\u0129a Mac- L\u00eanin<\/div>\n<\/td>\n<\/tr>\n<tr>\n<td valign=\"top\" width=\"15%\">\n<div align=\"center\">ANIM1024<\/div>\n<\/td>\n<td valign=\"top\" width=\"8%\">\n<div align=\"center\">2<\/div>\n<\/td>\n<td valign=\"top\" width=\"75%\">\n<div>Animal Husbandry<\/div>\n<\/td>\n<\/tr>\n<tr>\n<td valign=\"top\" width=\"15%\">\n<div align=\"center\">\u00a0<\/div>\n<\/td>\n<td valign=\"top\" width=\"8%\">\n<div align=\"center\">1<\/div>\n<\/td>\n<td valign=\"top\" width=\"75%\">\n<div>Th\u1ec3 d\u1ee5c (Physical training) I<\/div>\n<\/td>\n<\/tr>\n<tr>\n<td colspan=\"3\" width=\"100%\">\n<div><b>\u00a0<\/b><\/div>\n<div>\u00a0<\/div>\n<div><b>Year 2<\/b><\/div>\n<\/td>\n<\/tr>\n<tr>\n<td width=\"15%\">\n<div align=\"center\"><b>Course Code<\/b><\/div>\n<\/td>\n<td width=\"8%\">\n<div align=\"center\"><b>Units<\/b><\/div>\n<\/td>\n<td width=\"75%\">\n<div align=\"center\"><b>Course Title<\/b><\/div>\n<\/td>\n<\/tr>\n<tr>\n<td valign=\"top\" width=\"15%\">\n<div align=\"center\">\u00a0<\/div>\n<\/td>\n<td valign=\"top\" width=\"8%\">\n<div align=\"center\">3<\/div>\n<\/td>\n<td valign=\"top\" width=\"75%\">\n<div>\u0110\u01b0\u1eddng l\u1ed1i CM c\u1ee7a \u0110CS VN<\/div>\n<\/td>\n<\/tr>\n<tr>\n<td valign=\"top\" width=\"15%\">\n<div align=\"center\">\u00a0<\/div>\n<\/td>\n<td valign=\"top\" width=\"8%\">\n<div align=\"center\">3<\/div>\n<\/td>\n<td valign=\"top\" width=\"75%\">\n<div>K\u1ef9 n\u0103ng nghi\u00ean c\u1ee9u (Research skills)<\/div>\n<\/td>\n<\/tr>\n<tr>\n<td valign=\"top\" width=\"15%\">\n<div align=\"center\">VETS1018<\/div>\n<\/td>\n<td valign=\"top\" width=\"8%\">\n<div align=\"center\">2<\/div>\n<\/td>\n<td valign=\"top\" width=\"75%\">\n<div>Veterinary Professional Studies<\/div>\n<\/td>\n<\/tr>\n<tr>\n<td valign=\"top\" width=\"15%\">\n<div align=\"center\">BIOC1011<\/div>\n<\/td>\n<td valign=\"top\" width=\"8%\">\n<div align=\"center\">3<\/div>\n<\/td>\n<td valign=\"top\" width=\"75%\">\n<div>Molecular Basis of Life<\/div>\n<\/td>\n<\/tr>\n<tr>\n<td valign=\"top\" width=\"15%\">\n<div align=\"center\">VETS1022<\/div>\n<\/td>\n<td valign=\"top\" width=\"8%\">\n<div align=\"center\">3<\/div>\n<\/td>\n<td valign=\"top\" width=\"75%\">\n<div>Veterinary Biology &amp; Histology<\/div>\n<\/td>\n<\/tr>\n<tr>\n<td valign=\"top\" width=\"15%\">\n<div align=\"center\">\u00a0<\/div>\n<\/td>\n<td valign=\"top\" width=\"8%\">\n<div align=\"center\">2<\/div>\n<\/td>\n<td valign=\"top\" width=\"75%\">\n<div>T\u01b0 t\u01b0\u1edfng H\u1ed3 Ch\u00ed Minh<\/div>\n<\/td>\n<\/tr>\n<tr>\n<td valign=\"top\" width=\"15%\">\n<div align=\"center\">BIOL1028<\/div>\n<\/td>\n<td valign=\"top\" width=\"8%\">\n<div align=\"center\">3<\/div>\n<\/td>\n<td valign=\"top\" width=\"75%\">\n<div>Cell and Tissue Biology<\/div>\n<\/td>\n<\/tr>\n<tr>\n<td valign=\"top\" width=\"15%\">\n<div align=\"center\">VETS1003<\/div>\n<\/td>\n<td valign=\"top\" width=\"8%\">\n<div align=\"center\">3<\/div>\n<\/td>\n<td valign=\"top\" width=\"75%\">\n<div>Digestion, Metabolism &amp; Nutrition<\/div>\n<\/td>\n<\/tr>\n<tr>\n<td valign=\"top\" width=\"15%\">\n<div align=\"center\">VETS1021<\/div>\n<\/td>\n<td valign=\"top\" width=\"8%\">\n<div align=\"center\">3<\/div>\n<\/td>\n<td valign=\"top\" width=\"75%\">\n<div>Functional Anatomy of Locomotion and the Integument<\/div>\n<\/td>\n<\/tr>\n<tr>\n<td valign=\"top\" width=\"15%\">\n<div align=\"center\">VETS2011<\/div>\n<\/td>\n<td valign=\"top\" width=\"8%\">\n<div align=\"center\">4<\/div>\n<\/td>\n<td valign=\"top\" width=\"75%\">\n<div>Structure and Function I<\/div>\n<\/td>\n<\/tr>\n<tr>\n<td colspan=\"3\" width=\"100%\">\n<div><b>\u00a0<\/b><\/div>\n<div>\u00a0<\/div>\n<div><b>Year 3<\/b><\/div>\n<\/td>\n<\/tr>\n<tr>\n<td width=\"15%\">\n<div align=\"center\"><b>Course Code<\/b><\/div>\n<\/td>\n<td width=\"8%\">\n<div align=\"center\"><b>Units<\/b><\/div>\n<\/td>\n<td width=\"75%\">\n<div align=\"center\"><b>Course Title<\/b><\/div>\n<\/td>\n<\/tr>\n<tr>\n<td valign=\"top\" width=\"15%\">\n<div align=\"center\">ANIM2501<\/div>\n<\/td>\n<td valign=\"top\" width=\"8%\">\n<div align=\"center\">3<\/div>\n<\/td>\n<td valign=\"top\" width=\"75%\">\n<div>Animal Nutrition<\/div>\n<\/td>\n<\/tr>\n<tr>\n<td valign=\"top\" width=\"15%\">\n<div align=\"center\">ANIM2503<\/div>\n<\/td>\n<td valign=\"top\" width=\"8%\">\n<div align=\"center\">3<\/div>\n<\/td>\n<td valign=\"top\" width=\"75%\">\n<div>Animal Breeding &amp; Molecular Genetics<\/div>\n<\/td>\n<\/tr>\n<tr>\n<td valign=\"top\" width=\"15%\">\n<div align=\"center\">VETS2012<\/div>\n<\/td>\n<td valign=\"top\" width=\"8%\">\n<div align=\"center\">4<\/div>\n<\/td>\n<td valign=\"top\" width=\"75%\">\n<div>Structure and Function II<\/div>\n<\/td>\n<\/tr>\n<tr>\n<td valign=\"top\" width=\"15%\">\n<div align=\"center\">VETS2006<\/div>\n<\/td>\n<td valign=\"top\" width=\"8%\">\n<div align=\"center\">4<\/div>\n<\/td>\n<td valign=\"top\" width=\"75%\">\n<div>Principles of Disease I<\/div>\n<\/td>\n<\/tr>\n<tr>\n<td valign=\"top\" width=\"15%\">\n<div align=\"center\">VETS1023<\/div>\n<\/td>\n<td valign=\"top\" width=\"8%\">\n<div align=\"center\">2<\/div>\n<\/td>\n<td valign=\"top\" width=\"75%\">\n<div>Animal Handling, Behaviour and Welfare for Veterinary<\/div>\n<\/td>\n<\/tr>\n<tr>\n<td valign=\"top\" width=\"15%\">\n<div align=\"center\">VETS3012<\/div>\n<\/td>\n<td valign=\"top\" width=\"8%\">\n<div align=\"center\">2<\/div>\n<\/td>\n<td valign=\"top\" width=\"75%\">\n<div>Animal Production Systems and Welfare<\/div>\n<\/td>\n<\/tr>\n<tr>\n<td valign=\"top\" width=\"15%\">\n<div align=\"center\">VETS2007<\/div>\n<\/td>\n<td valign=\"top\" width=\"8%\">\n<div align=\"center\">3<\/div>\n<\/td>\n<td valign=\"top\" width=\"75%\">\n<div>Principles of Disease II<\/div>\n<\/td>\n<\/tr>\n<tr>\n<td valign=\"top\" width=\"15%\">\n<div align=\"center\">VETS3010<\/div>\n<\/td>\n<td valign=\"top\" width=\"8%\">\n<div align=\"center\">5<\/div>\n<\/td>\n<td valign=\"top\" width=\"75%\">\n<div>Infectious Diseases I<\/div>\n<\/td>\n<\/tr>\n<tr>\n<td valign=\"top\" width=\"15%\">\n<div align=\"center\">VETS3011<\/div>\n<\/td>\n<td valign=\"top\" width=\"8%\">\n<div align=\"center\">6<\/div>\n<\/td>\n<td valign=\"top\" width=\"75%\">\n<div>Pathophysiology, Pharmacological &amp; Clinical Principles Used in Diagnosis of Diseases in Body Syst I<\/div>\n<\/td>\n<\/tr>\n<tr>\n<td colspan=\"3\" width=\"100%\">\n<div><b>\u00a0<\/b><\/div>\n<div>\u00a0<\/div>\n<div><b>Year 4<\/b><\/div>\n<\/td>\n<\/tr>\n<tr>\n<td width=\"15%\">\n<div align=\"center\"><b>Course Code<\/b><\/div>\n<\/td>\n<td width=\"8%\">\n<div align=\"center\"><b>Units<\/b><\/div>\n<\/td>\n<td width=\"75%\">\n<div align=\"center\"><b>Course Title<\/b><\/div>\n<\/td>\n<\/tr>\n<tr>\n<td valign=\"top\" width=\"15%\">\n<div align=\"center\">VETS3010<\/div>\n<\/td>\n<td valign=\"top\" width=\"8%\">\n<div align=\"center\">4<\/div>\n<\/td>\n<td valign=\"top\" width=\"75%\">\n<div>Infectious Diseases II<\/div>\n<\/td>\n<\/tr>\n<tr>\n<td valign=\"top\" width=\"15%\">\n<div align=\"center\">VETS3011<\/div>\n<\/td>\n<td valign=\"top\" width=\"8%\">\n<div align=\"center\">6<\/div>\n<\/td>\n<td valign=\"top\" width=\"75%\">\n<div>Pathophysiology, Pharmacological &amp; Clinical Principles Used in Diagnosis of Diseases in Body Syst II<\/div>\n<\/td>\n<\/tr>\n<tr>\n<td valign=\"top\" width=\"15%\">\n<div align=\"center\">VETS2008<\/div>\n<\/td>\n<td valign=\"top\" width=\"8%\">\n<div align=\"center\">3<\/div>\n<\/td>\n<td valign=\"top\" width=\"75%\">\n<div>Veterinary Reproduction<\/div>\n<\/td>\n<\/tr>\n<tr>\n<td valign=\"top\" width=\"15%\">\n<div align=\"center\">\u00a0<\/div>\n<\/td>\n<td valign=\"top\" width=\"8%\">\n<div align=\"center\">2<\/div>\n<\/td>\n<td valign=\"top\" width=\"75%\">\n<div>Elective 1<\/div>\n<\/td>\n<\/tr>\n<tr>\n<td valign=\"top\" width=\"15%\">\n<div align=\"center\">VETS4011<\/div>\n<\/td>\n<td valign=\"top\" width=\"8%\">\n<div align=\"center\">4<\/div>\n<\/td>\n<td valign=\"top\" width=\"75%\">\n<div>Livestock Animal Clinical Studies I<\/div>\n<\/td>\n<\/tr>\n<tr>\n<td valign=\"top\" width=\"15%\">\n<div align=\"center\">VETS4010<\/div>\n<\/td>\n<td valign=\"top\" width=\"8%\">\n<div align=\"center\">4<\/div>\n<\/td>\n<td valign=\"top\" width=\"75%\">\n<div>Companion Animal Clinical Studies I<\/div>\n<\/td>\n<\/tr>\n<tr>\n<td valign=\"top\" width=\"15%\">\n<div align=\"center\">VETS5012<\/div>\n<\/td>\n<td valign=\"top\" width=\"8%\">\n<div align=\"center\">4<\/div>\n<\/td>\n<td valign=\"top\" width=\"75%\">\n<div>Veterinary Public Health and Pathology<\/div>\n<\/td>\n<\/tr>\n<tr>\n<td valign=\"top\" width=\"15%\">\n<div align=\"center\">VETS4012<\/div>\n<\/td>\n<td valign=\"top\" width=\"8%\">\n<div align=\"center\">2<\/div>\n<\/td>\n<td valign=\"top\" width=\"75%\">\n<div>Principles of Clinical Practice<\/div>\n<\/td>\n<\/tr>\n<tr>\n<td colspan=\"3\" width=\"100%\">\n<div><b>\u00a0<\/b><\/div>\n<div>\u00a0<\/div>\n<div><b>Year 5<\/b><\/div>\n<\/td>\n<\/tr>\n<tr>\n<td valign=\"top\" width=\"15%\">\n<div align=\"center\"><b>Course Code<\/b><\/div>\n<\/td>\n<td valign=\"top\" width=\"8%\">\n<div align=\"center\"><b>Units<\/b><\/div>\n<\/td>\n<td valign=\"top\" width=\"75%\">\n<div align=\"center\"><b>Course Title<\/b><\/div>\n<\/td>\n<\/tr>\n<tr>\n<td valign=\"top\" width=\"15%\">\n<div align=\"center\">VETS4011<\/div>\n<\/td>\n<td valign=\"top\" width=\"8%\">\n<div align=\"center\">4<\/div>\n<\/td>\n<td valign=\"top\" width=\"75%\">\n<div>Livestock Animal Clinical Studies II<\/div>\n<\/td>\n<\/tr>\n<tr>\n<td valign=\"top\" width=\"15%\">\n<div align=\"center\">VETS4010<\/div>\n<\/td>\n<td valign=\"top\" width=\"8%\">\n<div align=\"center\">4<\/div>\n<\/td>\n<td valign=\"top\" width=\"75%\">\n<div>Companion Animal Clinical Studies II<\/div>\n<\/td>\n<\/tr>\n<tr>\n<td valign=\"top\" width=\"15%\">\n<div align=\"center\">VETS4021<\/div>\n<\/td>\n<td valign=\"top\" width=\"8%\">\n<div align=\"center\">3<\/div>\n<\/td>\n<td valign=\"top\" width=\"75%\">\n<div>Intensive Livestock Medicine<\/div>\n<\/td>\n<\/tr>\n<tr>\n<td valign=\"top\" width=\"15%\">\n<div align=\"center\">\u00a0<\/div>\n<\/td>\n<td valign=\"top\" width=\"8%\">\n<div align=\"center\">2<\/div>\n<\/td>\n<td valign=\"top\" width=\"75%\">\n<div>Elective 2<\/div>\n<\/td>\n<\/tr>\n<tr>\n<td valign=\"top\" width=\"15%\">\n<div align=\"center\">\u00a0\u00a0VETS5011<\/div>\n<\/td>\n<td valign=\"top\" width=\"8%\">\n<div align=\"center\">2<\/div>\n<\/td>\n<td valign=\"top\" width=\"75%\">\n<div>Practice Management &amp; Professional Life<\/div>\n<\/td>\n<\/tr>\n<tr>\n<td valign=\"top\" width=\"15%\">\n<div align=\"center\">\u00a0\u00a0VETS5013<\/div>\n<\/td>\n<td valign=\"top\" width=\"8%\">\n<div align=\"center\">5<\/div>\n<\/td>\n<td valign=\"top\" width=\"75%\">\n<div>Companion Animal Clinics<\/div>\n<\/td>\n<\/tr>\n<tr>\n<td valign=\"top\" width=\"15%\">\n<div align=\"center\">\u00a0\u00a0VETS5014<\/div>\n<\/td>\n<td valign=\"top\" width=\"8%\">\n<div align=\"center\">5<\/div>\n<\/td>\n<td valign=\"top\" width=\"75%\">\n<div>Rural Veterinary Practice<\/div>\n<\/td>\n<\/tr>\n<tr>\n<td colspan=\"3\" width=\"100%\">\n<div><b>\u00a0<\/b><\/div>\n<div>\u00a0<\/div>\n<div><b>Year 5.5<\/b><\/div>\n<\/td>\n<\/tr>\n<tr>\n<td valign=\"top\" width=\"15%\">\n<div align=\"center\"><b>Course Code<\/b><\/div>\n<\/td>\n<td valign=\"top\" width=\"8%\">\n<div align=\"center\"><b>Units<\/b><\/div>\n<\/td>\n<td valign=\"top\" width=\"75%\">\n<div align=\"center\"><b>Course Title<\/b><\/div>\n<\/td>\n<\/tr>\n<tr>\n<td valign=\"top\" width=\"15%\">\n<div align=\"center\">VETS5017<\/div>\n<\/td>\n<td valign=\"top\" width=\"8%\">\n<div align=\"center\">12<\/div>\n<\/td>\n<td valign=\"top\" width=\"75%\">\n<div>Research Veterinary<\/div>\n<\/td>\n<\/tr>\n<tr>\n<td colspan=\"3\" width=\"100%\">\n<div><b>\u00a0<\/b><\/div>\n<div>\u00a0<\/div>\n<div><b>Selective Courses<\/b><\/div>\n<\/td>\n<\/tr>\n<tr>\n<td valign=\"top\" width=\"15%\">\n<div align=\"center\"><b>Course Code<\/b><\/div>\n<\/td>\n<td valign=\"top\" width=\"8%\">\n<div align=\"center\"><b>Units<\/b><\/div>\n<\/td>\n<td valign=\"top\" width=\"75%\">\n<div align=\"center\"><b>Course Title<\/b><\/div>\n<\/td>\n<\/tr>\n<tr>\n<td valign=\"top\" width=\"15%\">\n<div align=\"center\">\u00a0<\/div>\n<\/td>\n<td valign=\"top\" width=\"8%\">\n<div align=\"center\">2<\/div>\n<\/td>\n<td valign=\"top\" width=\"75%\">\n<div>Th\u1ed1ng k\u00ea sinh h\u1ecdc<\/div>\n<\/td>\n<\/tr>\n<tr>\n<td valign=\"top\" width=\"15%\">\n<div align=\"center\">BIOC3002<\/div>\n<\/td>\n<td valign=\"top\" width=\"8%\">\n<div align=\"center\">2<\/div>\n<\/td>\n<td valign=\"top\" width=\"75%\">\n<div>DNA &amp; Protein Technology<\/div>\n<\/td>\n<\/tr>\n<tr>\n<td valign=\"top\" width=\"15%\">\n<div align=\"center\">DEVB3002<\/div>\n<\/td>\n<td valign=\"top\" width=\"8%\">\n<div align=\"center\">2<\/div>\n<\/td>\n<td valign=\"top\" width=\"75%\">\n<div>Molecular Mechanisms of Development<\/div>\n<\/td>\n<\/tr>\n<tr>\n<td valign=\"top\" width=\"15%\">\n<div align=\"center\">MGTS1960<\/div>\n<\/td>\n<td valign=\"top\" width=\"8%\">\n<div align=\"center\">2<\/div>\n<\/td>\n<td valign=\"top\" width=\"75%\">\n<div>Business Management I<\/div>\n<\/td>\n<\/tr>\n<tr>\n<td valign=\"top\" width=\"15%\">\n<div align=\"center\">BIOL3000<\/div>\n<\/td>\n<td valign=\"top\" width=\"8%\">\n<div align=\"center\">2<\/div>\n<\/td>\n<td valign=\"top\" width=\"75%\">\n<div>Conservation &amp; Wildlife Biology<\/div>\n<\/td>\n<\/tr>\n<tr>\n<td valign=\"top\" width=\"15%\">\n<div align=\"center\">MICR3004<\/div>\n<\/td>\n<td valign=\"top\" width=\"8%\">\n<div align=\"center\">2<\/div>\n<\/td>\n<td valign=\"top\" width=\"75%\">\n<div>Microbial Diversity &amp; Biotechnology<\/div>\n<\/td>\n<\/tr>\n<tr>\n<td valign=\"top\" width=\"15%\">\n<div align=\"center\">MGTS2604<\/div>\n<\/td>\n<td valign=\"top\" width=\"8%\">\n<div align=\"center\">2<\/div>\n<\/td>\n<td valign=\"top\" width=\"75%\">\n<div>Introduction to Human Resource Management<\/div>\n<\/td>\n<\/tr>\n<tr>\n<td valign=\"top\" width=\"15%\">\n<div align=\"center\">MKTG1502<\/div>\n<\/td>\n<td valign=\"top\" width=\"8%\">\n<div align=\"center\">2<\/div>\n<\/td>\n<td valign=\"top\" width=\"75%\">\n<div>Agriculture &amp; Food Industry Marketing<\/div>\n<\/td>\n<\/tr>\n<\/tbody>\n<\/table>\n<h2>C\u00e1c m\u00f4n h\u1ecdc trong Ch\u01b0\u01a1ng tr\u00ecnh Ti\u00ean ti\u1ebfn<\/h2>\n<a href=\"https:\/\/cnty.hcmuaf.edu.vn\/app\/uploads\/sites\/3\/2021\/08\/course-in-advet-program.pdf\" class=\"pdfemb-viewer\" style=\"\" data-width=\"max\" data-height=\"max\" data-mobile-width=\"500\"  data-scrollbar=\"none\" data-download=\"on\" data-tracking=\"on\" data-newwindow=\"on\" data-pagetextbox=\"off\" data-scrolltotop=\"off\" data-startzoom=\"100\" data-startfpzoom=\"100\" data-toolbar=\"bottom\" data-toolbar-fixed=\"off\">course-in-advet-program<br\/><\/a>\n","protected":false},"excerpt":{"rendered":"<p>C\u00e1c m\u00f4n h\u1ecdc trong ch\u01b0\u01a1ng tr\u00ecnh \u0111\u00e0o t\u1ea1o Year 1 Course Code Units Course Title \u00a0 15 Anh v\u0103n 1 (General English 1) \u00a0 3 Anh v\u0103n chuy\u00ean ng\u00e0nh I (English for Veterinary Medicine I) \u00a0 1 Th\u1ec3 d\u1ee5c (Physical training) I \u00a0 5 Anh v\u0103n 2 (General English 2) \u00a0 3 Anh v\u0103n chuy\u00ean [&hellip;]<\/p>\n","protected":false},"author":1,"featured_media":0,"parent":95,"menu_order":0,"comment_status":"closed","ping_status":"closed","template":"","meta":[],"_links":{"self":[{"href":"https:\/\/cnty.hcmuaf.edu.vn\/advet\/wp-json\/wp\/v2\/pages\/109"}],"collection":[{"href":"https:\/\/cnty.hcmuaf.edu.vn\/advet\/wp-json\/wp\/v2\/pages"}],"about":[{"href":"https:\/\/cnty.hcmuaf.edu.vn\/advet\/wp-json\/wp\/v2\/types\/page"}],"author":[{"embeddable":true,"href":"https:\/\/cnty.hcmuaf.edu.vn\/advet\/wp-json\/wp\/v2\/users\/1"}],"replies":[{"embeddable":true,"href":"https:\/\/cnty.hcmuaf.edu.vn\/advet\/wp-json\/wp\/v2\/comments?post=109"}],"version-history":[{"count":1,"href":"https:\/\/cnty.hcmuaf.edu.vn\/advet\/wp-json\/wp\/v2\/pages\/109\/revisions"}],"predecessor-version":[{"id":111,"href":"https:\/\/cnty.hcmuaf.edu.vn\/advet\/wp-json\/wp\/v2\/pages\/109\/revisions\/111"}],"up":[{"embeddable":true,"href":"https:\/\/cnty.hcmuaf.edu.vn\/advet\/wp-json\/wp\/v2\/pages\/95"}],"wp:attachment":[{"href":"https:\/\/cnty.hcmuaf.edu.vn\/advet\/wp-json\/wp\/v2\/media?parent=109"}],"curies":[{"name":"wp","href":"https:\/\/api.w.org\/{rel}","templated":true}]}}