{"id":103,"date":"2021-08-05T03:27:47","date_gmt":"2021-08-04T20:27:47","guid":{"rendered":"https:\/\/cnty.hcmuaf.edu.vn\/advet\/?page_id=103"},"modified":"2025-01-09T15:37:46","modified_gmt":"2025-01-09T08:37:46","slug":"cau-truc-chuong-trinh","status":"publish","type":"page","link":"https:\/\/cnty.hcmuaf.edu.vn\/advet\/dao-tao\/cau-truc-chuong-trinh","title":{"rendered":"C\u1ea5u tr\u00fac ch\u01b0\u01a1ng tr\u00ecnh"},"content":{"rendered":"<a href=\"https:\/\/cnty.hcmuaf.edu.vn\/app\/uploads\/sites\/3\/2021\/09\/CAU-TRUC-CHUONG-TRINH.pdf\" class=\"pdfemb-viewer\" style=\"\" data-width=\"max\" data-height=\"max\" data-mobile-width=\"500\"  data-scrollbar=\"none\" data-download=\"on\" data-tracking=\"on\" data-newwindow=\"on\" data-pagetextbox=\"off\" data-scrolltotop=\"off\" data-startzoom=\"100\" data-startfpzoom=\"100\" data-toolbar=\"bottom\" data-toolbar-fixed=\"off\">CAU-TRUC-CHUONG-TRINH<br\/><\/a>\n<p><strong><span style=\"color: #0000ff;\">KHUNG CH\u01af\u01a0NG TR\u00ccNH \u0110\u00c0O T\u1ea0O<\/span><\/strong><\/p>\n<a href=\"https:\/\/cnty.hcmuaf.edu.vn\/app\/uploads\/sites\/3\/2025\/01\/49_Bac-si-thu-y-CTTT_TT.pdf\" class=\"pdfemb-viewer\" style=\"\" data-width=\"max\" data-height=\"max\" data-mobile-width=\"500\"  data-scrollbar=\"none\" data-download=\"on\" data-tracking=\"on\" data-newwindow=\"on\" data-pagetextbox=\"off\" data-scrolltotop=\"off\" data-startzoom=\"100\" data-startfpzoom=\"100\" data-toolbar=\"bottom\" data-toolbar-fixed=\"off\">49_Bac si thu y CTTT_TT<br\/><\/a>\n<p>[<a href=\"https:\/\/cnty.hcmuaf.edu.vn\/app\/uploads\/sites\/3\/2021\/08\/advet-chuong-trinh-dao-tao-2020.pdf\">N\u0102M 2020<\/a>]<\/p>\n<p>&nbsp;<\/p>\n<p>&nbsp;<\/p>\n","protected":false},"excerpt":{"rendered":"<p>KHUNG CH\u01af\u01a0NG TR\u00ccNH \u0110\u00c0O T\u1ea0O [N\u0102M 2020] &nbsp; &nbsp;<\/p>\n","protected":false},"author":1,"featured_media":0,"parent":95,"menu_order":0,"comment_status":"closed","ping_status":"closed","template":"","meta":[],"_links":{"self":[{"href":"https:\/\/cnty.hcmuaf.edu.vn\/advet\/wp-json\/wp\/v2\/pages\/103"}],"collection":[{"href":"https:\/\/cnty.hcmuaf.edu.vn\/advet\/wp-json\/wp\/v2\/pages"}],"about":[{"href":"https:\/\/cnty.hcmuaf.edu.vn\/advet\/wp-json\/wp\/v2\/types\/page"}],"author":[{"embeddable":true,"href":"https:\/\/cnty.hcmuaf.edu.vn\/advet\/wp-json\/wp\/v2\/users\/1"}],"replies":[{"embeddable":true,"href":"https:\/\/cnty.hcmuaf.edu.vn\/advet\/wp-json\/wp\/v2\/comments?post=103"}],"version-history":[{"count":10,"href":"https:\/\/cnty.hcmuaf.edu.vn\/advet\/wp-json\/wp\/v2\/pages\/103\/revisions"}],"predecessor-version":[{"id":302,"href":"https:\/\/cnty.hcmuaf.edu.vn\/advet\/wp-json\/wp\/v2\/pages\/103\/revisions\/302"}],"up":[{"embeddable":true,"href":"https:\/\/cnty.hcmuaf.edu.vn\/advet\/wp-json\/wp\/v2\/pages\/95"}],"wp:attachment":[{"href":"https:\/\/cnty.hcmuaf.edu.vn\/advet\/wp-json\/wp\/v2\/media?parent=103"}],"curies":[{"name":"wp","href":"https:\/\/api.w.org\/{rel}","templated":true}]}}